{"id":2557,"date":"2024-11-13T09:44:41","date_gmt":"2024-11-13T08:44:41","guid":{"rendered":"https:\/\/ecima.com\/avis-legal\/"},"modified":"2026-03-11T19:22:21","modified_gmt":"2026-03-11T18:22:21","slug":"avis-legal","status":"publish","type":"page","link":"https:\/\/ecima.com\/ca\/avis-legal\/","title":{"rendered":"Av\u00eds Legal"},"content":{"rendered":"<p>[et_pb_section fb_built=&#8221;1&#8243; admin_label=&#8221;Hero&#8221; _builder_version=&#8221;4.16&#8243; use_background_color_gradient=&#8221;on&#8221; background_color_gradient_direction=&#8221;360deg&#8221; background_color_gradient_stops=&#8221;#ffffff 0%|rgba(40,40,40,0) 35%&#8221; background_color_gradient_overlays_image=&#8221;on&#8221; background_color_gradient_start=&#8221;#ffffff&#8221; background_color_gradient_end=&#8221;rgba(40,40,40,0)&#8221; background_color_gradient_end_position=&#8221;35%&#8221; background_image=&#8221;https:\/\/ecima.com\/wp-content\/uploads\/2021\/07\/foamizados.jpg&#8221; background_position=&#8221;bottom_center&#8221; custom_margin=&#8221;||||false&#8221; custom_padding=&#8221;8vw||8vw||true|false&#8221; global_colors_info=&#8221;{}&#8221;][\/et_pb_section][et_pb_section fb_built=&#8221;1&#8243; admin_label=&#8221; Get a Quote&#8221; _builder_version=&#8221;4.16&#8243; custom_padding=&#8221;1px|||||&#8221; animation_style=&#8221;flip&#8221; animation_direction=&#8221;top&#8221; box_shadow_style=&#8221;preset3&#8243; box_shadow_vertical=&#8221;80px&#8221; box_shadow_blur=&#8221;76px&#8221; box_shadow_spread=&#8221;-35px&#8221; box_shadow_color=&#8221;rgba(0,0,0,0.12)&#8221; global_colors_info=&#8221;{}&#8221;][et_pb_row _builder_version=&#8221;4.16&#8243; global_colors_info=&#8221;{}&#8221;][et_pb_column type=&#8221;4_4&#8243; _builder_version=&#8221;4.16&#8243; custom_padding=&#8221;|||&#8221; global_colors_info=&#8221;{}&#8221; custom_padding__hover=&#8221;|||&#8221;][et_pb_divider color=&#8221;#ffb400&#8243; divider_position=&#8221;center&#8221; divider_weight=&#8221;5px&#8221; _builder_version=&#8221;4.16&#8243; max_width=&#8221;50px&#8221; module_alignment=&#8221;center&#8221; locked=&#8221;off&#8221; global_colors_info=&#8221;{}&#8221;][\/et_pb_divider][et_pb_text _builder_version=&#8221;4.16&#8243; text_font=&#8221;||||||||&#8221; header_font=&#8221;Rubik|700|||||||&#8221; header_text_color=&#8221;#2a2a2a&#8221; header_font_size=&#8221;64px&#8221; header_line_height=&#8221;1.1em&#8221; text_orientation=&#8221;center&#8221; background_layout=&#8221;dark&#8221; max_width=&#8221;800px&#8221; module_alignment=&#8221;center&#8221; custom_margin=&#8221;||30px|||&#8221; custom_padding=&#8221;|||16px&#8221; text_font_size_tablet=&#8221;14px&#8221; text_font_size_last_edited=&#8221;off|desktop&#8221; header_font_size_tablet=&#8221;44px&#8221; header_font_size_phone=&#8221;32px&#8221; header_font_size_last_edited=&#8221;on|phone&#8221; global_colors_info=&#8221;{}&#8221;]<\/p>\n<h1>Av\u00eds Legal<\/h1>\n<p>[\/et_pb_text][et_pb_text _builder_version=&#8221;4.27.6&#8243; text_font=&#8221;||||||||&#8221; text_text_color=&#8221;#383838&#8243; text_font_size=&#8221;16px&#8221; text_line_height=&#8221;1.6em&#8221; header_font=&#8221;||||||||&#8221; header_2_font=&#8221;Rubik||||||||&#8221; header_2_text_color=&#8221;#000000&#8243; background_layout=&#8221;dark&#8221; max_width=&#8221;800px&#8221; module_alignment=&#8221;center&#8221; custom_margin=&#8221;|||&#8221; custom_padding=&#8221;20px||20px||true&#8221; text_font_size_tablet=&#8221;18px&#8221; text_font_size_phone=&#8221;&#8221; text_font_size_last_edited=&#8221;on|phone&#8221; global_colors_info=&#8221;{}&#8221;]<\/p>\n<h2>Principi d&#8217;informaci\u00f3<\/h2>\n<p>En compliment de l&#8217;establert a l&#8217;article 5 de la Llei Org\u00e0nica 15\/1999, de 13 de desembre, de Protecci\u00f3 de Dades de Car\u00e0cter Personal (d&#8217;ara endavant, LOPD), us informem de manera expressa, precisa i inequ\u00edvoca que les dades facilitades per vost\u00e8 a trav\u00e9s dels formularis disposats a aquest efecte en la nostra p\u00e0gina web o en qualsevol altre canal de recollida seran objecte de tractament als fitxers responsabilitat d&#8217;E.CIMA SAU, A08487084, degudament notificats al Registre General de l&#8217;Ag\u00e8ncia Espanyola de Protecci\u00f3 de Dades, amb la finalitat del manteniment i compliment de la relaci\u00f3 del destinatari del servei amb la nostra entitat i prestaci\u00f3 de serveis derivada d&#8217;aquesta. Aix\u00ed mateix, en compliment del que estableix l&#8217;esmentada LOPD i la Llei 34\/2002, d&#8217;11 de juliol, de Serveis de la Societat de la Informaci\u00f3 i de Comer\u00e7 Electr\u00f2nic (d&#8217;ara endavant, LSSI-CE), us informem que les vostres dades podran ser utilitzades amb la finalitat d&#8217;enviar-vos comunicacions comercials i de cortesia relacionades amb la nostra entitat a trav\u00e9s del tel\u00e8fon, correu. De la mateixa manera, us informem que les vostres dades seran cedides en tots aquells casos en qu\u00e8 sigui necessari per al desenvolupament, compliment i control de la relaci\u00f3 del destinatari del servei amb la nostra entitat o en els sup\u00f2sits en qu\u00e8 ho autoritzi una norma amb rang de llei i, en particular, quan concorri un dels sup\u00f2sits seg\u00fcents: a) El tractament o la cessi\u00f3 tinguin per objecte la satisfacci\u00f3 d&#8217;un inter\u00e8s leg\u00edtim del responsable del tractament o del cessionari emparat per aquesta norma; b) El tractament o la cessi\u00f3 de les dades siguin necess\u00e0ries perqu\u00e8 el responsable del tractament compleixi un deure que li imposi aquesta norma.<\/p>\n<h2>Principi de consentiment<\/h2>\n<p>El consentiment per al tractament de les vostres dades amb les finalitats descrites a l&#8217;apartat anterior s&#8217;entendr\u00e0 prestat a trav\u00e9s del marcatge de la casella corresponent disposada a aquest efecte a la nostra p\u00e0gina web.<\/p>\n<h2>Car\u00e0cter obligatori de les dades sol\u00b7licitades<\/h2>\n<p>L&#8217;emplenament de tots i cadascun dels camps que apareixen als formularis disposats a aquest efecte a la nostra p\u00e0gina web t\u00e9 car\u00e0cter obligatori (en cas contrari, apareixeran marcats amb un asterisc els camps que tinguin car\u00e0cter obligatori). La negativa a facilitar les seves dades comportaria la impossibilitat del manteniment i compliment de la relaci\u00f3 del destinatari del servei amb la nostra entitat, ja que aquestes s\u00f3n necess\u00e0ries per a la prestaci\u00f3 de serveis derivada de la mateixa.<\/p>\n<h2>Principi de qualitat de les dades<\/h2>\n<p>El destinatari del servei ser\u00e0 l&#8217;\u00fanic responsable de la veracitat i exactitud de les dades aportades, actuant E.CIMA SAU, A08487084 de bona fe com a mer prestador del servei. En el sup\u00f2sit que el destinatari del servei faciliti dades falses o de terceres persones sense mediar-ne el consentiment, respondr\u00e0 personalment davant d&#8217;E.CIMA SAU, A08487084 els afectats o interessats, Ag\u00e8ncia Espanyola de Protecci\u00f3 de Dades i, si escau, autoritats auton\u00f2miques de protecci\u00f3 de dades, de les responsabilitats derivades d&#8217;aquesta circumst\u00e0ncia. E.CIMA SAU, A08487084 no recull dades de persones menors de catorze anys a trav\u00e9s de la p\u00e0gina web. En cas que una persona menor de catorze anys faciliti les seves dades a trav\u00e9s dels formularis disposats a aquest efecte a la nostra p\u00e0gina web o a qualsevol altre canal de recollida dels mateixos, es procedir\u00e0 a la seva destrucci\u00f3 immediata en el mateix moment en qu\u00e8 es tingui coneixement de tal circumst\u00e0ncia. Amb la finalitat de donar compliment a all\u00f2 establert a l&#8217;article 4.3 de la LOPD, el destinatari del servei es compromet a comunicar a E.CIMA SAU, A08487084 els canvis que es produeixin en les seves dades, de manera que responguin amb veracitat a la seva situaci\u00f3 actual en tot moment.<\/p>\n<h2>Eines de seguiment de la navegaci\u00f3<\/h2>\n<p>La nostra p\u00e0gina web pot utilitzar eines de seguiment de la navegaci\u00f3 a trav\u00e9s de la mateixa i adre\u00e7a IP del destinatari del servei, amb la finalitat de millorar i garantir la prestaci\u00f3 de serveis i el funcionament t\u00e8cnic de la mateixa.<\/p>\n<h2>Principi de seguretat de les dades<\/h2>\n<p>E.CIMA SAU, A08487084 es compromet al compliment de la seva obligaci\u00f3 de secret respecte de les dades de car\u00e0cter personal i del seu deure de guardar-les i adoptar\u00e0 totes les mesures d&#8217;\u00edndole t\u00e8cnica i organitzativa necess\u00e0ries que garanteixin la seguretat de les dades de car\u00e0cter personal i evitin la seva alteraci\u00f3, p\u00e8rdua, tractament o acc\u00e9s no autoritzat, tenint en compte l&#8217;estat de la tecnologia, la naturalesa de les dades emmagatzemades i els riscos a qu\u00e8 estiguin exposats, ja provinguin de l&#8217;acci\u00f3 humana o del medi f\u00edsic o natural, desenvolupades al T\u00edtol VIII del Reial decret 1720\/2007, de 21 de desembre, pel qual s&#8217;aprova el Reglament de desplegament de la Llei Org\u00e0nica 15\/1999, de 13 de desembre, de Protecci\u00f3 de Dades de Car\u00e0cter Personal.<\/p>\n<h2>Exercici de drets<\/h2>\n<p>En compliment del que estableix la LOPD i el Reial decret 1720\/2007, de 21 de desembre, pel qual s&#8217;aprova el Reglament de desenvolupament d&#8217;aquesta, el destinatari del servei pot exercitar, en qualsevol moment, els seus drets d&#8217;acc\u00e9s, rectificaci\u00f3, cancel\u00b7laci\u00f3 i oposici\u00f3 davant del responsable del fitxer o del tractament, adjuntant fotoc\u00f2pia del seu DNI.<\/p>\n<h2>Responsable del fitxer o del tractament<\/h2>\n<p>El responsable del fitxer o del tractament \u00e9s E.CIMA SAU, A08487084, amb adre\u00e7a a efectes de notificacions al Cam\u00ed del Mol\u00ed d&#8217;en Torrella s\/n \u2013 08202 Sabadell-Barcelona-Espanya.<\/p>\n<p>[\/et_pb_text][\/et_pb_column][\/et_pb_row][\/et_pb_section][et_pb_section fb_built=&#8221;1&#8243; fullwidth=&#8221;on&#8221; _builder_version=&#8221;4.27.6&#8243; _module_preset=&#8221;default&#8221; background_color=&#8221;#002c51&#8243; custom_margin=&#8221;36px|||||&#8221; custom_padding=&#8221;||36px|||&#8221; top_divider_style=&#8221;wave2&#8243; top_divider_color=&#8221;#FFFFFF&#8221; global_colors_info=&#8221;{}&#8221; global_module=&#8221;3253&#8243; theme_builder_area=&#8221;post_content&#8221;][\/et_pb_section]<\/p>\n","protected":false},"excerpt":{"rendered":"<p>Informaci\u00f3 legal sobre les condicions d&#8217;\u00fas del lloc web d&#8217;E.Cima, drets de propietat intel\u00b7lectual i responsabilitats dels usuaris.<\/p>\n","protected":false},"author":2,"featured_media":0,"parent":0,"menu_order":0,"comment_status":"closed","ping_status":"closed","template":"","meta":{"_et_pb_use_builder":"on","_et_pb_old_content":"","_et_gb_content_width":"","footnotes":""},"class_list":["post-2557","page","type-page","status-publish","hentry"],"yoast_head":"<!-- This site is optimized with the Yoast SEO plugin v27.1.1 - https:\/\/yoast.com\/product\/yoast-seo-wordpress\/ -->\n<title>Av\u00eds Legal - Ecima<\/title>\n<meta name=\"description\" content=\"Consulta l&#039;Av\u00eds Legal d&#039;Ecima i coneix les condicions d&#039;\u00fas, responsabilitat i drets de propietat intel\u00b7lectual del lloc web.\" \/>\n<meta name=\"robots\" content=\"index, follow, max-snippet:-1, max-image-preview:large, max-video-preview:-1\" \/>\n<link rel=\"canonical\" href=\"https:\/\/ecima.com\/ca\/avis-legal\/\" \/>\n<meta property=\"og:locale\" content=\"ca_ES\" \/>\n<meta property=\"og:type\" content=\"article\" \/>\n<meta property=\"og:title\" content=\"Av\u00eds Legal - Ecima\" \/>\n<meta property=\"og:description\" content=\"Consulta l&#039;Av\u00eds Legal d&#039;Ecima i coneix les condicions d&#039;\u00fas, responsabilitat i drets de propietat intel\u00b7lectual del lloc web.\" \/>\n<meta property=\"og:url\" content=\"https:\/\/ecima.com\/ca\/avis-legal\/\" \/>\n<meta property=\"og:site_name\" content=\"Ecima\" \/>\n<meta property=\"article:modified_time\" content=\"2026-03-11T18:22:21+00:00\" \/>\n<meta name=\"twitter:card\" content=\"summary_large_image\" \/>\n<meta name=\"twitter:label1\" content=\"Temps estimat de lectura\" \/>\n\t<meta name=\"twitter:data1\" content=\"6 minuts\" \/>\n<script type=\"application\/ld+json\" class=\"yoast-schema-graph\">{\"@context\":\"https:\/\/schema.org\",\"@graph\":[{\"@type\":\"WebPage\",\"@id\":\"https:\/\/ecima.com\/ca\/avis-legal\/\",\"url\":\"https:\/\/ecima.com\/ca\/avis-legal\/\",\"name\":\"Av\u00eds Legal - Ecima\",\"isPartOf\":{\"@id\":\"https:\/\/ecima.com\/ca\/#website\"},\"datePublished\":\"2024-11-13T08:44:41+00:00\",\"dateModified\":\"2026-03-11T18:22:21+00:00\",\"description\":\"Consulta l'Av\u00eds Legal d'Ecima i coneix les condicions d'\u00fas, responsabilitat i drets de propietat intel\u00b7lectual del lloc web.\",\"breadcrumb\":{\"@id\":\"https:\/\/ecima.com\/ca\/avis-legal\/#breadcrumb\"},\"inLanguage\":\"ca\",\"potentialAction\":[{\"@type\":\"ReadAction\",\"target\":[\"https:\/\/ecima.com\/ca\/avis-legal\/\"]}]},{\"@type\":\"BreadcrumbList\",\"@id\":\"https:\/\/ecima.com\/ca\/avis-legal\/#breadcrumb\",\"itemListElement\":[{\"@type\":\"ListItem\",\"position\":1,\"name\":\"Inici\",\"item\":\"https:\/\/ecima.com\/ca\/inici\/\"},{\"@type\":\"ListItem\",\"position\":2,\"name\":\"Av\u00eds Legal\"}]},{\"@type\":\"WebSite\",\"@id\":\"https:\/\/ecima.com\/ca\/#website\",\"url\":\"https:\/\/ecima.com\/ca\/\",\"name\":\"Ecima\",\"description\":\"Tu partner en tejidos t\u00e9cnicos\",\"potentialAction\":[{\"@type\":\"SearchAction\",\"target\":{\"@type\":\"EntryPoint\",\"urlTemplate\":\"https:\/\/ecima.com\/ca\/?s={search_term_string}\"},\"query-input\":{\"@type\":\"PropertyValueSpecification\",\"valueRequired\":true,\"valueName\":\"search_term_string\"}}],\"inLanguage\":\"ca\"}]}<\/script>\n<!-- \/ Yoast SEO plugin. -->","yoast_head_json":{"title":"Av\u00eds Legal - Ecima","description":"Consulta l'Av\u00eds Legal d'Ecima i coneix les condicions d'\u00fas, responsabilitat i drets de propietat intel\u00b7lectual del lloc web.","robots":{"index":"index","follow":"follow","max-snippet":"max-snippet:-1","max-image-preview":"max-image-preview:large","max-video-preview":"max-video-preview:-1"},"canonical":"https:\/\/ecima.com\/ca\/avis-legal\/","og_locale":"ca_ES","og_type":"article","og_title":"Av\u00eds Legal - Ecima","og_description":"Consulta l'Av\u00eds Legal d'Ecima i coneix les condicions d'\u00fas, responsabilitat i drets de propietat intel\u00b7lectual del lloc web.","og_url":"https:\/\/ecima.com\/ca\/avis-legal\/","og_site_name":"Ecima","article_modified_time":"2026-03-11T18:22:21+00:00","twitter_card":"summary_large_image","twitter_misc":{"Temps estimat de lectura":"6 minuts"},"schema":{"@context":"https:\/\/schema.org","@graph":[{"@type":"WebPage","@id":"https:\/\/ecima.com\/ca\/avis-legal\/","url":"https:\/\/ecima.com\/ca\/avis-legal\/","name":"Av\u00eds Legal - Ecima","isPartOf":{"@id":"https:\/\/ecima.com\/ca\/#website"},"datePublished":"2024-11-13T08:44:41+00:00","dateModified":"2026-03-11T18:22:21+00:00","description":"Consulta l'Av\u00eds Legal d'Ecima i coneix les condicions d'\u00fas, responsabilitat i drets de propietat intel\u00b7lectual del lloc web.","breadcrumb":{"@id":"https:\/\/ecima.com\/ca\/avis-legal\/#breadcrumb"},"inLanguage":"ca","potentialAction":[{"@type":"ReadAction","target":["https:\/\/ecima.com\/ca\/avis-legal\/"]}]},{"@type":"BreadcrumbList","@id":"https:\/\/ecima.com\/ca\/avis-legal\/#breadcrumb","itemListElement":[{"@type":"ListItem","position":1,"name":"Inici","item":"https:\/\/ecima.com\/ca\/inici\/"},{"@type":"ListItem","position":2,"name":"Av\u00eds Legal"}]},{"@type":"WebSite","@id":"https:\/\/ecima.com\/ca\/#website","url":"https:\/\/ecima.com\/ca\/","name":"Ecima","description":"Tu partner en tejidos t\u00e9cnicos","potentialAction":[{"@type":"SearchAction","target":{"@type":"EntryPoint","urlTemplate":"https:\/\/ecima.com\/ca\/?s={search_term_string}"},"query-input":{"@type":"PropertyValueSpecification","valueRequired":true,"valueName":"search_term_string"}}],"inLanguage":"ca"}]}},"_links":{"self":[{"href":"https:\/\/ecima.com\/ca\/wp-json\/wp\/v2\/pages\/2557","targetHints":{"allow":["GET"]}}],"collection":[{"href":"https:\/\/ecima.com\/ca\/wp-json\/wp\/v2\/pages"}],"about":[{"href":"https:\/\/ecima.com\/ca\/wp-json\/wp\/v2\/types\/page"}],"author":[{"embeddable":true,"href":"https:\/\/ecima.com\/ca\/wp-json\/wp\/v2\/users\/2"}],"replies":[{"embeddable":true,"href":"https:\/\/ecima.com\/ca\/wp-json\/wp\/v2\/comments?post=2557"}],"version-history":[{"count":5,"href":"https:\/\/ecima.com\/ca\/wp-json\/wp\/v2\/pages\/2557\/revisions"}],"predecessor-version":[{"id":3447,"href":"https:\/\/ecima.com\/ca\/wp-json\/wp\/v2\/pages\/2557\/revisions\/3447"}],"wp:attachment":[{"href":"https:\/\/ecima.com\/ca\/wp-json\/wp\/v2\/media?parent=2557"}],"curies":[{"name":"wp","href":"https:\/\/api.w.org\/{rel}","templated":true}]}}