{"id":2560,"date":"2024-11-13T09:48:52","date_gmt":"2024-11-13T08:48:52","guid":{"rendered":"https:\/\/ecima.com\/canal-etic\/"},"modified":"2026-03-11T19:25:44","modified_gmt":"2026-03-11T18:25:44","slug":"canal-etic","status":"publish","type":"page","link":"https:\/\/ecima.com\/ca\/canal-etic\/","title":{"rendered":"Canal \u00c8tic"},"content":{"rendered":"<p>[et_pb_section fb_built=&#8221;1&#8243; fullwidth=&#8221;on&#8221; _builder_version=&#8221;4.24.0&#8243; _module_preset=&#8221;default&#8221; background_enable_color=&#8221;off&#8221; use_background_color_gradient=&#8221;on&#8221; background_color_gradient_direction=&#8221;0deg&#8221; background_color_gradient_stops=&#8221;#ffffff 0%|rgba(255,255,255,0) 85%&#8221; background_image=&#8221;https:\/\/ecima.com\/wp-content\/uploads\/2024\/01\/mujer-cerca-buzon-sobre-scaled.jpg&#8221; background_blend=&#8221;screen&#8221; height=&#8221;50vh&#8221; height_tablet=&#8221;40vh&#8221; height_phone=&#8221;40vh&#8221; height_last_edited=&#8221;on|tablet&#8221; custom_margin=&#8221;0px|0px|0px|0px|true|true&#8221; custom_padding=&#8221;0px|0px|0px|0px|true|true&#8221; global_colors_info=&#8221;{}&#8221;][et_pb_fullwidth_post_title meta=&#8221;off&#8221; featured_image=&#8221;off&#8221; _builder_version=&#8221;4.24.0&#8243; _module_preset=&#8221;default&#8221; title_font=&#8221;Rubik|700||on|||||&#8221; title_text_color=&#8221;#000000&#8243; title_font_size=&#8221;64px&#8221; custom_padding=&#8221;210px||210px||true|false&#8221; custom_padding_tablet=&#8221;210px||210px||true|false&#8221; custom_padding_phone=&#8221;175px||175px||true|false&#8221; custom_padding_last_edited=&#8221;on|tablet&#8221; title_font_size_tablet=&#8221;44px&#8221; title_font_size_phone=&#8221;32px&#8221; title_font_size_last_edited=&#8221;on|desktop&#8221; global_colors_info=&#8221;{}&#8221;][\/et_pb_fullwidth_post_title][\/et_pb_section][et_pb_section fb_built=&#8221;1&#8243; _builder_version=&#8221;4.24.0&#8243; _module_preset=&#8221;default&#8221; global_colors_info=&#8221;{}&#8221;][et_pb_row _builder_version=&#8221;4.27.5&#8243; _module_preset=&#8221;default&#8221; hover_enabled=&#8221;0&#8243; global_colors_info=&#8221;{}&#8221; border_radii=&#8221;on|30px|30px|30px|30px&#8221; sticky_enabled=&#8221;0&#8243;][et_pb_column type=&#8221;4_4&#8243; _builder_version=&#8221;4.24.0&#8243; _module_preset=&#8221;default&#8221; global_colors_info=&#8221;{}&#8221;][et_pb_code _builder_version=&#8221;4.27.5&#8243; _module_preset=&#8221;default&#8221; hover_enabled=&#8221;0&#8243; global_colors_info=&#8221;{}&#8221; sticky_enabled=&#8221;0&#8243; border_radii=&#8221;on|30px|30px|30px|30px&#8221;]<iframe loading=\"lazy\" allowtransparency=\"true\" style=\"background-color: transparent;\" name=\"form-complaint\" src=\"https:\/\/d9555ad409fd49b7d2e4.canal.h2c.app\/form.html#\" frameborder=\"0\" border=\"0\" width=\"100%\" height=\"2300\"><\/iframe>[\/et_pb_code][\/et_pb_column][\/et_pb_row][\/et_pb_section][et_pb_section fb_built=&#8221;1&#8243; fullwidth=&#8221;on&#8221; prev_background_color=&#8221;#ffffff&#8221; _builder_version=&#8221;4.27.5&#8243; _module_preset=&#8221;default&#8221; background_color=&#8221;#002c51&#8243; custom_margin=&#8221;-2px|||||&#8221; custom_padding=&#8221;||36px|||&#8221; top_divider_style=&#8221;wave2&#8243; global_colors_info=&#8221;{}&#8221;][\/et_pb_section]<\/p>\n","protected":false},"excerpt":{"rendered":"<p>El canal \u00e8tic \u00e9s l&#8217;eina de qu\u00e8 disposa E.Cima per presentar den\u00fancies sobre presumptes incompliments, fundats i significatius, de qualsevol infracci\u00f3 administrativa greu o molt greu o infracci\u00f3 laboral.<\/p>\n","protected":false},"author":2,"featured_media":0,"parent":0,"menu_order":0,"comment_status":"closed","ping_status":"closed","template":"","meta":{"_et_pb_use_builder":"on","_et_pb_old_content":"","_et_gb_content_width":"","footnotes":""},"class_list":["post-2560","page","type-page","status-publish","hentry"],"yoast_head":"<!-- This site is optimized with the Yoast SEO plugin v27.1.1 - https:\/\/yoast.com\/product\/yoast-seo-wordpress\/ -->\n<title>Canal \u00c8tic - Ecima<\/title>\n<meta name=\"description\" content=\"El canal \u00e8tic \u00e9s l&#039;eina de qu\u00e8 disposa E.Cima per presentar den\u00fancies sobre presumptes incompliments.\" \/>\n<meta name=\"robots\" content=\"index, follow, max-snippet:-1, max-image-preview:large, max-video-preview:-1\" \/>\n<link rel=\"canonical\" href=\"https:\/\/ecima.com\/ca\/canal-etic\/\" \/>\n<meta property=\"og:locale\" content=\"ca_ES\" \/>\n<meta property=\"og:type\" content=\"article\" \/>\n<meta property=\"og:title\" content=\"Canal \u00c8tic - Ecima\" \/>\n<meta property=\"og:description\" content=\"El canal \u00e8tic \u00e9s l&#039;eina de qu\u00e8 disposa E.Cima per presentar den\u00fancies sobre presumptes incompliments.\" \/>\n<meta property=\"og:url\" content=\"https:\/\/ecima.com\/ca\/canal-etic\/\" \/>\n<meta property=\"og:site_name\" content=\"Ecima\" \/>\n<meta property=\"article:modified_time\" content=\"2026-03-11T18:25:44+00:00\" \/>\n<meta name=\"twitter:card\" content=\"summary_large_image\" \/>\n<meta name=\"twitter:label1\" content=\"Temps estimat de lectura\" \/>\n\t<meta name=\"twitter:data1\" content=\"1 minut\" \/>\n<script type=\"application\/ld+json\" class=\"yoast-schema-graph\">{\"@context\":\"https:\/\/schema.org\",\"@graph\":[{\"@type\":\"WebPage\",\"@id\":\"https:\/\/ecima.com\/ca\/canal-etic\/\",\"url\":\"https:\/\/ecima.com\/ca\/canal-etic\/\",\"name\":\"Canal \u00c8tic - Ecima\",\"isPartOf\":{\"@id\":\"https:\/\/ecima.com\/ca\/#website\"},\"datePublished\":\"2024-11-13T08:48:52+00:00\",\"dateModified\":\"2026-03-11T18:25:44+00:00\",\"description\":\"El canal \u00e8tic \u00e9s l'eina de qu\u00e8 disposa E.Cima per presentar den\u00fancies sobre presumptes incompliments.\",\"breadcrumb\":{\"@id\":\"https:\/\/ecima.com\/ca\/canal-etic\/#breadcrumb\"},\"inLanguage\":\"ca\",\"potentialAction\":[{\"@type\":\"ReadAction\",\"target\":[\"https:\/\/ecima.com\/ca\/canal-etic\/\"]}]},{\"@type\":\"BreadcrumbList\",\"@id\":\"https:\/\/ecima.com\/ca\/canal-etic\/#breadcrumb\",\"itemListElement\":[{\"@type\":\"ListItem\",\"position\":1,\"name\":\"Inici\",\"item\":\"https:\/\/ecima.com\/ca\/inici\/\"},{\"@type\":\"ListItem\",\"position\":2,\"name\":\"Canal \u00c8tic\"}]},{\"@type\":\"WebSite\",\"@id\":\"https:\/\/ecima.com\/ca\/#website\",\"url\":\"https:\/\/ecima.com\/ca\/\",\"name\":\"Ecima\",\"description\":\"Tu partner en tejidos t\u00e9cnicos\",\"potentialAction\":[{\"@type\":\"SearchAction\",\"target\":{\"@type\":\"EntryPoint\",\"urlTemplate\":\"https:\/\/ecima.com\/ca\/?s={search_term_string}\"},\"query-input\":{\"@type\":\"PropertyValueSpecification\",\"valueRequired\":true,\"valueName\":\"search_term_string\"}}],\"inLanguage\":\"ca\"}]}<\/script>\n<!-- \/ Yoast SEO plugin. -->","yoast_head_json":{"title":"Canal \u00c8tic - Ecima","description":"El canal \u00e8tic \u00e9s l'eina de qu\u00e8 disposa E.Cima per presentar den\u00fancies sobre presumptes incompliments.","robots":{"index":"index","follow":"follow","max-snippet":"max-snippet:-1","max-image-preview":"max-image-preview:large","max-video-preview":"max-video-preview:-1"},"canonical":"https:\/\/ecima.com\/ca\/canal-etic\/","og_locale":"ca_ES","og_type":"article","og_title":"Canal \u00c8tic - Ecima","og_description":"El canal \u00e8tic \u00e9s l'eina de qu\u00e8 disposa E.Cima per presentar den\u00fancies sobre presumptes incompliments.","og_url":"https:\/\/ecima.com\/ca\/canal-etic\/","og_site_name":"Ecima","article_modified_time":"2026-03-11T18:25:44+00:00","twitter_card":"summary_large_image","twitter_misc":{"Temps estimat de lectura":"1 minut"},"schema":{"@context":"https:\/\/schema.org","@graph":[{"@type":"WebPage","@id":"https:\/\/ecima.com\/ca\/canal-etic\/","url":"https:\/\/ecima.com\/ca\/canal-etic\/","name":"Canal \u00c8tic - Ecima","isPartOf":{"@id":"https:\/\/ecima.com\/ca\/#website"},"datePublished":"2024-11-13T08:48:52+00:00","dateModified":"2026-03-11T18:25:44+00:00","description":"El canal \u00e8tic \u00e9s l'eina de qu\u00e8 disposa E.Cima per presentar den\u00fancies sobre presumptes incompliments.","breadcrumb":{"@id":"https:\/\/ecima.com\/ca\/canal-etic\/#breadcrumb"},"inLanguage":"ca","potentialAction":[{"@type":"ReadAction","target":["https:\/\/ecima.com\/ca\/canal-etic\/"]}]},{"@type":"BreadcrumbList","@id":"https:\/\/ecima.com\/ca\/canal-etic\/#breadcrumb","itemListElement":[{"@type":"ListItem","position":1,"name":"Inici","item":"https:\/\/ecima.com\/ca\/inici\/"},{"@type":"ListItem","position":2,"name":"Canal \u00c8tic"}]},{"@type":"WebSite","@id":"https:\/\/ecima.com\/ca\/#website","url":"https:\/\/ecima.com\/ca\/","name":"Ecima","description":"Tu partner en tejidos t\u00e9cnicos","potentialAction":[{"@type":"SearchAction","target":{"@type":"EntryPoint","urlTemplate":"https:\/\/ecima.com\/ca\/?s={search_term_string}"},"query-input":{"@type":"PropertyValueSpecification","valueRequired":true,"valueName":"search_term_string"}}],"inLanguage":"ca"}]}},"_links":{"self":[{"href":"https:\/\/ecima.com\/ca\/wp-json\/wp\/v2\/pages\/2560","targetHints":{"allow":["GET"]}}],"collection":[{"href":"https:\/\/ecima.com\/ca\/wp-json\/wp\/v2\/pages"}],"about":[{"href":"https:\/\/ecima.com\/ca\/wp-json\/wp\/v2\/types\/page"}],"author":[{"embeddable":true,"href":"https:\/\/ecima.com\/ca\/wp-json\/wp\/v2\/users\/2"}],"replies":[{"embeddable":true,"href":"https:\/\/ecima.com\/ca\/wp-json\/wp\/v2\/comments?post=2560"}],"version-history":[{"count":5,"href":"https:\/\/ecima.com\/ca\/wp-json\/wp\/v2\/pages\/2560\/revisions"}],"predecessor-version":[{"id":3451,"href":"https:\/\/ecima.com\/ca\/wp-json\/wp\/v2\/pages\/2560\/revisions\/3451"}],"wp:attachment":[{"href":"https:\/\/ecima.com\/ca\/wp-json\/wp\/v2\/media?parent=2560"}],"curies":[{"name":"wp","href":"https:\/\/api.w.org\/{rel}","templated":true}]}}