{"id":2577,"date":"2024-11-13T13:04:44","date_gmt":"2024-11-13T12:04:44","guid":{"rendered":"https:\/\/ecima.com\/politica-de-privacitat\/"},"modified":"2026-03-12T08:52:11","modified_gmt":"2026-03-12T07:52:11","slug":"politica-de-privacitat","status":"publish","type":"page","link":"https:\/\/ecima.com\/ca\/politica-de-privacitat\/","title":{"rendered":"Pol\u00edtica de privacitat"},"content":{"rendered":"<p>[et_pb_section fb_built=&#8221;1&#8243; admin_label=&#8221;Hero&#8221; _builder_version=&#8221;4.16&#8243; use_background_color_gradient=&#8221;on&#8221; background_color_gradient_direction=&#8221;360deg&#8221; background_color_gradient_stops=&#8221;#ffffff 0%|rgba(40,40,40,0) 35%&#8221; background_color_gradient_overlays_image=&#8221;on&#8221; background_color_gradient_start=&#8221;#ffffff&#8221; background_color_gradient_end=&#8221;rgba(40,40,40,0)&#8221; background_color_gradient_end_position=&#8221;35%&#8221; background_image=&#8221;https:\/\/ecima.com\/wp-content\/uploads\/2021\/07\/foamizados.jpg&#8221; background_position=&#8221;bottom_center&#8221; custom_margin=&#8221;||||false&#8221; custom_padding=&#8221;8vw||8vw||true|false&#8221; global_colors_info=&#8221;{}&#8221;][\/et_pb_section][et_pb_section fb_built=&#8221;1&#8243; admin_label=&#8221; Get a Quote&#8221; _builder_version=&#8221;4.16&#8243; custom_padding=&#8221;1px|||||&#8221; animation_style=&#8221;flip&#8221; animation_direction=&#8221;top&#8221; box_shadow_style=&#8221;preset3&#8243; box_shadow_vertical=&#8221;80px&#8221; box_shadow_blur=&#8221;76px&#8221; box_shadow_spread=&#8221;-35px&#8221; box_shadow_color=&#8221;rgba(0,0,0,0.12)&#8221; global_colors_info=&#8221;{}&#8221;][et_pb_row _builder_version=&#8221;4.16&#8243; global_colors_info=&#8221;{}&#8221;][et_pb_column type=&#8221;4_4&#8243; _builder_version=&#8221;4.16&#8243; custom_padding=&#8221;|||&#8221; global_colors_info=&#8221;{}&#8221; custom_padding__hover=&#8221;|||&#8221;][et_pb_divider color=&#8221;#ffb400&#8243; divider_position=&#8221;center&#8221; divider_weight=&#8221;5px&#8221; _builder_version=&#8221;4.16&#8243; max_width=&#8221;50px&#8221; module_alignment=&#8221;center&#8221; locked=&#8221;off&#8221; global_colors_info=&#8221;{}&#8221;][\/et_pb_divider][et_pb_text _builder_version=&#8221;4.27.6&#8243; text_font=&#8221;||||||||&#8221; header_font=&#8221;Rubik|700|||||||&#8221; header_text_color=&#8221;#2a2a2a&#8221; header_font_size=&#8221;64px&#8221; header_line_height=&#8221;1.1em&#8221; text_orientation=&#8221;center&#8221; background_layout=&#8221;dark&#8221; max_width=&#8221;800px&#8221; module_alignment=&#8221;center&#8221; custom_margin=&#8221;||30px|||&#8221; custom_padding=&#8221;|||16px&#8221; text_font_size_tablet=&#8221;14px&#8221; text_font_size_last_edited=&#8221;off|desktop&#8221; header_font_size_tablet=&#8221;44px&#8221; header_font_size_phone=&#8221;32px&#8221; header_font_size_last_edited=&#8221;on|phone&#8221; global_colors_info=&#8221;{}&#8221;]<\/p>\n<h1>Pol\u00edtica de privacitat<\/h1>\n<p>[\/et_pb_text][et_pb_text _builder_version=&#8221;4.27.6&#8243; text_font=&#8221;||||||||&#8221; text_text_color=&#8221;#383838&#8243; text_font_size=&#8221;16px&#8221; text_line_height=&#8221;1.6em&#8221; header_font=&#8221;||||||||&#8221; header_2_font=&#8221;Rubik||||||||&#8221; header_2_text_color=&#8221;#000000&#8243; background_layout=&#8221;dark&#8221; max_width=&#8221;800px&#8221; module_alignment=&#8221;center&#8221; custom_margin=&#8221;|||&#8221; custom_padding=&#8221;20px||20px||true&#8221; text_font_size_tablet=&#8221;18px&#8221; text_font_size_phone=&#8221;&#8221; text_font_size_last_edited=&#8221;on|phone&#8221; global_colors_info=&#8221;{}&#8221;]<\/p>\n<h2>Informaci\u00f3 reglament general de protecci\u00f3 de dades<\/h2>\n<p>HEM ADAPTAT LA NOSTRA POL\u00cdTICA DE PRIVACITAT AL NOU REGLAMENT GENERAL DE PROTECCI\u00d3 DE DADES (RGPD), aplicable a partir del 25 de Maig de 2018.<\/p>\n<p>En relaci\u00f3 amb aix\u00f2, us informem que a partir d&#8217;aquesta data, seguirem protegint les vostres dades personals i a m\u00e9s, complint amb el nou Reglament, que comporta:<\/p>\n<ul>\n<li>El Responsable del tractament de les vostres dades personals \u00e9s E.CIMA,SAU.<\/li>\n<li>La finalitat del tractament de les dades personals \u00e9s gestionar la relaci\u00f3 comercial amb E.CIMA,SAU.<\/li>\n<li>No est\u00e0 previst que les vostres dades personals puguin comunicar-se a tercers, amb l&#8217;excepci\u00f3 d&#8217;altres empreses del grup o que sigui necessari per a la prestaci\u00f3 de serveis que ens relacionen o per les requerides per l&#8217;Administraci\u00f3 P\u00fablica.<\/li>\n<li>Podreu exercir els vostres drets d&#8217;acc\u00e9s, rectificaci\u00f3, supressi\u00f3, limitaci\u00f3 al tractament, portabilitat i oposici\u00f3, mitjan\u00e7ant l&#8217;enviament de correu electr\u00f2nic a l&#8217;adre\u00e7a d&#8217;E.CIMA, SAU Cam\u00ed del Moli d&#8217;en Torrella (final) 08202 SABADELL, acompanyant l&#8217;acreditaci\u00f3 documental d&#8217;acreditaci\u00f3 de la vostra identitat.<\/li>\n<\/ul>\n<p>En compliment de la normativa vigent, E.CIMA,SAU us informa que les vostres dades seran incloses, o b\u00e9 ja ho estan, en un fitxer responsabilitat de la nostra empresa, amb la finalitat de gestionar la nostra relaci\u00f3 comercial. Podreu exercir en tot moment els vostres drets d&#8217;acc\u00e9s, rectificaci\u00f3, supressi\u00f3, limitaci\u00f3 al tractament, portabilitat i oposici\u00f3 al tractament de les vostres dades, dirigint-vos a E.CIMA, SAU Cam\u00ed del Moli d&#8217;en Torrella (final) 08202 SABADELL. <\/p>\n<p>&nbsp;<\/p>\n<h2>Pol\u00edtica de Privadesa<\/h2>\n<p>1- Qui \u00e9s el responsable del tractament de les teves dades personals?<br \/>Responsable del tractament : E.CIMA,SAU Cam\u00ed del Moli d\u00b4en Torrella (final) 08202 SABADELL<br \/>Correu electr\u00f2nic: <a href=\"mailto:ecima@ecima.com\">ecima@ecima.com<\/a><\/p>\n<p><strong>2- Quines s\u00f3n les finalitats del tractament de les vostres dades personals?<\/strong><br \/>Tractem les dades personals dels nostres contactes, clients i prove\u00efdors s\u00f3n la finalitat de gestionar la nostra relaci\u00f3 comercial incloent-hi la via electr\u00f2nica.<\/p>\n<p><strong>3- Quant de temps conservarem les vostres dades personals?<\/strong><br \/>Les dades personals es conserven, de conformitat amb la normativa comptable vigent.<\/p>\n<p><strong>4- Quina \u00e9s la legitimaci\u00f3 per al tractament de les vostres dades personals?<\/strong><br \/>La base leg\u00edtima per al tractament de dades personals \u00e9s l&#8217;inter\u00e8s mutu i el consentiment de l&#8217;usuari<\/p>\n<p><strong>5- A quins destinataris es comunicaran les seves dades personals?<\/strong><br \/>Les dades nom\u00e9s es poden comunicar a empreses del propi grup en l&#8217;\u00e0mbit de la gesti\u00f3 comercial i per a l&#8217;Administraci\u00f3 p\u00fablica, quan ho exigeixi la normativa vigent.<\/p>\n<p>Els empleats d&#8217;E.CIMA,SAU que tenen drets d&#8217;acc\u00e9s autoritzat d&#8217;acord amb la seguretat interna d&#8217;E.CIMA,SAU, poden accedir a les vostres dades personals amb els objectius i finalitats descrits en aquesta Pol\u00edtica de Privadesa. Tots els empleats d&#8217;E.CIMA,SAU, han estat informats de les seves responsabilitats sobre aix\u00f2. Igualment, poden accedir a les seves dades, organitzacions terceres la intervenci\u00f3 de les quals sigui necess\u00e0ria per a la gesti\u00f3 correcta de la prestaci\u00f3 del servei.  <\/p>\n<p>E.CIMA,SAU, ha establert acords contractuals i mesures de seguretat amb tercers, per garantir el nivell adequat de seguretat i de protecci\u00f3 de les dades personals.<\/p>\n<p><strong>6- Quins s\u00f3n els vostres drets en relaci\u00f3 a les vostres dades personals.<\/strong><br \/>Podeu sol\u00b7licitar l&#8217;acc\u00e9s, rectificaci\u00f3, supressi\u00f3, limitaci\u00f3 al tractament, portabilitat i oposici\u00f3 al tractament de les vostres dades personals en qualsevol moment.<br \/>Podran revocar el consentiment mitjan\u00e7ant enviament d&#8217;un correu electr\u00f2nic a E.CIMA,SAU, acompanyat de l&#8217;acreditaci\u00f3 documental de la seva identitat.<\/p>\n<p>[\/et_pb_text][\/et_pb_column][\/et_pb_row][\/et_pb_section][et_pb_section fb_built=&#8221;1&#8243; fullwidth=&#8221;on&#8221; _builder_version=&#8221;4.27.6&#8243; _module_preset=&#8221;default&#8221; background_color=&#8221;#002c51&#8243; custom_margin=&#8221;36px|||||&#8221; custom_padding=&#8221;||36px|||&#8221; top_divider_style=&#8221;wave2&#8243; top_divider_color=&#8221;#FFFFFF&#8221; global_colors_info=&#8221;{}&#8221; global_module=&#8221;3253&#8243; theme_builder_area=&#8221;post_content&#8221;][\/et_pb_section]<\/p>\n","protected":false},"excerpt":{"rendered":"<p>Informaci\u00f3 sobre el tractament, protecci\u00f3 i drets relacionats amb les dades personals a la web d&#8217;E.Cima, conforme al RGPD.<\/p>\n","protected":false},"author":2,"featured_media":0,"parent":0,"menu_order":0,"comment_status":"closed","ping_status":"closed","template":"","meta":{"_et_pb_use_builder":"on","_et_pb_old_content":"","_et_gb_content_width":"","footnotes":""},"class_list":["post-2577","page","type-page","status-publish","hentry"],"yoast_head":"<!-- This site is optimized with the Yoast SEO plugin v27.1.1 - https:\/\/yoast.com\/product\/yoast-seo-wordpress\/ -->\n<title>Pol\u00edtica de privacitat - Ecima<\/title>\n<meta name=\"description\" content=\"Consulta la Pol\u00edtica de Privadesa d&#039;Ecima i coneix com protegim les teves dades personals d&#039;acord amb el RGPD i la normativa vigent.\" \/>\n<meta name=\"robots\" content=\"index, follow, max-snippet:-1, max-image-preview:large, max-video-preview:-1\" \/>\n<link rel=\"canonical\" href=\"https:\/\/ecima.com\/ca\/politica-de-privacitat\/\" \/>\n<meta property=\"og:locale\" content=\"ca_ES\" \/>\n<meta property=\"og:type\" content=\"article\" \/>\n<meta property=\"og:title\" content=\"Pol\u00edtica de privacitat - Ecima\" \/>\n<meta property=\"og:description\" content=\"Consulta la Pol\u00edtica de Privadesa d&#039;Ecima i coneix com protegim les teves dades personals d&#039;acord amb el RGPD i la normativa vigent.\" \/>\n<meta property=\"og:url\" content=\"https:\/\/ecima.com\/ca\/politica-de-privacitat\/\" \/>\n<meta property=\"og:site_name\" content=\"Ecima\" \/>\n<meta property=\"article:modified_time\" content=\"2026-03-12T07:52:11+00:00\" \/>\n<meta name=\"twitter:card\" content=\"summary_large_image\" \/>\n<meta name=\"twitter:label1\" content=\"Temps estimat de lectura\" \/>\n\t<meta name=\"twitter:data1\" content=\"5 minuts\" \/>\n<script type=\"application\/ld+json\" class=\"yoast-schema-graph\">{\"@context\":\"https:\/\/schema.org\",\"@graph\":[{\"@type\":\"WebPage\",\"@id\":\"https:\/\/ecima.com\/ca\/politica-de-privacitat\/\",\"url\":\"https:\/\/ecima.com\/ca\/politica-de-privacitat\/\",\"name\":\"Pol\u00edtica de privacitat - Ecima\",\"isPartOf\":{\"@id\":\"https:\/\/ecima.com\/ca\/#website\"},\"datePublished\":\"2024-11-13T12:04:44+00:00\",\"dateModified\":\"2026-03-12T07:52:11+00:00\",\"description\":\"Consulta la Pol\u00edtica de Privadesa d'Ecima i coneix com protegim les teves dades personals d'acord amb el RGPD i la normativa vigent.\",\"breadcrumb\":{\"@id\":\"https:\/\/ecima.com\/ca\/politica-de-privacitat\/#breadcrumb\"},\"inLanguage\":\"ca\",\"potentialAction\":[{\"@type\":\"ReadAction\",\"target\":[\"https:\/\/ecima.com\/ca\/politica-de-privacitat\/\"]}]},{\"@type\":\"BreadcrumbList\",\"@id\":\"https:\/\/ecima.com\/ca\/politica-de-privacitat\/#breadcrumb\",\"itemListElement\":[{\"@type\":\"ListItem\",\"position\":1,\"name\":\"Inici\",\"item\":\"https:\/\/ecima.com\/ca\/inici\/\"},{\"@type\":\"ListItem\",\"position\":2,\"name\":\"Pol\u00edtica de privacitat\"}]},{\"@type\":\"WebSite\",\"@id\":\"https:\/\/ecima.com\/ca\/#website\",\"url\":\"https:\/\/ecima.com\/ca\/\",\"name\":\"Ecima\",\"description\":\"Tu partner en tejidos t\u00e9cnicos\",\"potentialAction\":[{\"@type\":\"SearchAction\",\"target\":{\"@type\":\"EntryPoint\",\"urlTemplate\":\"https:\/\/ecima.com\/ca\/?s={search_term_string}\"},\"query-input\":{\"@type\":\"PropertyValueSpecification\",\"valueRequired\":true,\"valueName\":\"search_term_string\"}}],\"inLanguage\":\"ca\"}]}<\/script>\n<!-- \/ Yoast SEO plugin. -->","yoast_head_json":{"title":"Pol\u00edtica de privacitat - Ecima","description":"Consulta la Pol\u00edtica de Privadesa d'Ecima i coneix com protegim les teves dades personals d'acord amb el RGPD i la normativa vigent.","robots":{"index":"index","follow":"follow","max-snippet":"max-snippet:-1","max-image-preview":"max-image-preview:large","max-video-preview":"max-video-preview:-1"},"canonical":"https:\/\/ecima.com\/ca\/politica-de-privacitat\/","og_locale":"ca_ES","og_type":"article","og_title":"Pol\u00edtica de privacitat - Ecima","og_description":"Consulta la Pol\u00edtica de Privadesa d'Ecima i coneix com protegim les teves dades personals d'acord amb el RGPD i la normativa vigent.","og_url":"https:\/\/ecima.com\/ca\/politica-de-privacitat\/","og_site_name":"Ecima","article_modified_time":"2026-03-12T07:52:11+00:00","twitter_card":"summary_large_image","twitter_misc":{"Temps estimat de lectura":"5 minuts"},"schema":{"@context":"https:\/\/schema.org","@graph":[{"@type":"WebPage","@id":"https:\/\/ecima.com\/ca\/politica-de-privacitat\/","url":"https:\/\/ecima.com\/ca\/politica-de-privacitat\/","name":"Pol\u00edtica de privacitat - Ecima","isPartOf":{"@id":"https:\/\/ecima.com\/ca\/#website"},"datePublished":"2024-11-13T12:04:44+00:00","dateModified":"2026-03-12T07:52:11+00:00","description":"Consulta la Pol\u00edtica de Privadesa d'Ecima i coneix com protegim les teves dades personals d'acord amb el RGPD i la normativa vigent.","breadcrumb":{"@id":"https:\/\/ecima.com\/ca\/politica-de-privacitat\/#breadcrumb"},"inLanguage":"ca","potentialAction":[{"@type":"ReadAction","target":["https:\/\/ecima.com\/ca\/politica-de-privacitat\/"]}]},{"@type":"BreadcrumbList","@id":"https:\/\/ecima.com\/ca\/politica-de-privacitat\/#breadcrumb","itemListElement":[{"@type":"ListItem","position":1,"name":"Inici","item":"https:\/\/ecima.com\/ca\/inici\/"},{"@type":"ListItem","position":2,"name":"Pol\u00edtica de privacitat"}]},{"@type":"WebSite","@id":"https:\/\/ecima.com\/ca\/#website","url":"https:\/\/ecima.com\/ca\/","name":"Ecima","description":"Tu partner en tejidos t\u00e9cnicos","potentialAction":[{"@type":"SearchAction","target":{"@type":"EntryPoint","urlTemplate":"https:\/\/ecima.com\/ca\/?s={search_term_string}"},"query-input":{"@type":"PropertyValueSpecification","valueRequired":true,"valueName":"search_term_string"}}],"inLanguage":"ca"}]}},"_links":{"self":[{"href":"https:\/\/ecima.com\/ca\/wp-json\/wp\/v2\/pages\/2577","targetHints":{"allow":["GET"]}}],"collection":[{"href":"https:\/\/ecima.com\/ca\/wp-json\/wp\/v2\/pages"}],"about":[{"href":"https:\/\/ecima.com\/ca\/wp-json\/wp\/v2\/types\/page"}],"author":[{"embeddable":true,"href":"https:\/\/ecima.com\/ca\/wp-json\/wp\/v2\/users\/2"}],"replies":[{"embeddable":true,"href":"https:\/\/ecima.com\/ca\/wp-json\/wp\/v2\/comments?post=2577"}],"version-history":[{"count":5,"href":"https:\/\/ecima.com\/ca\/wp-json\/wp\/v2\/pages\/2577\/revisions"}],"predecessor-version":[{"id":3492,"href":"https:\/\/ecima.com\/ca\/wp-json\/wp\/v2\/pages\/2577\/revisions\/3492"}],"wp:attachment":[{"href":"https:\/\/ecima.com\/ca\/wp-json\/wp\/v2\/media?parent=2577"}],"curies":[{"name":"wp","href":"https:\/\/api.w.org\/{rel}","templated":true}]}}