{"id":1926,"date":"2022-02-16T20:29:41","date_gmt":"2022-02-16T19:29:41","guid":{"rendered":"https:\/\/ecima.com\/aktualitat\/"},"modified":"2026-03-12T11:06:36","modified_gmt":"2026-03-12T10:06:36","slug":"aktualitat","status":"publish","type":"page","link":"https:\/\/ecima.com\/de\/aktualitat\/","title":{"rendered":"Aktualit\u00e4t"},"content":{"rendered":"<p>[et_pb_section fb_built=&#8220;1&#8243; admin_label=&#8220;Header&#8220; _builder_version=&#8220;4.16&#8243; use_background_color_gradient=&#8220;on&#8220; background_color_gradient_direction=&#8220;147deg&#8220; background_color_gradient_stops=&#8220;#008a1c 0%|#a0cf00 100%&#8220; background_color_gradient_start=&#8220;#008a1c&#8220; background_color_gradient_end=&#8220;#a0cf00&#8243; background_image=&#8220;https:\/\/ecima.com\/wp-content\/uploads\/2026\/02\/isp-05.png&#8220; parallax=&#8220;on&#8220; max_width=&#8220;90%&#8220; max_width_tablet=&#8220;&#8220; max_width_phone=&#8220;&#8220; max_width_last_edited=&#8220;on|desktop&#8220; module_alignment=&#8220;center&#8220; custom_margin=&#8220;5vw||||false&#8220; custom_padding=&#8220;6vw||10vw||false|false&#8220; bottom_divider_style=&#8220;wave2&#8243; bottom_divider_color=&#8220;#ffffff&#8220; bottom_divider_height=&#8220;10vw&#8220; bottom_divider_repeat=&#8220;0.7x&#8220; animation_style=&#8220;slide&#8220; animation_direction=&#8220;bottom&#8220; animation_intensity_slide=&#8220;1%&#8220; border_radii=&#8220;on|30px|30px|30px|30px&#8220; global_colors_info=&#8220;{}&#8220;][et_pb_row module_class=&#8220; et_pb_row_fullwidth&#8220; _builder_version=&#8220;4.16&#8243; width=&#8220;89%&#8220; width_tablet=&#8220;80%&#8220; width_phone=&#8220;80%&#8220; width_last_edited=&#8220;on|desktop&#8220; max_width=&#8220;89%&#8220; max_width_tablet=&#8220;80%&#8220; max_width_phone=&#8220;80%&#8220; max_width_last_edited=&#8220;on|desktop&#8220; animation_style=&#8220;slide&#8220; animation_direction=&#8220;left&#8220; animation_intensity_slide=&#8220;10%&#8220; make_fullwidth=&#8220;on&#8220; global_colors_info=&#8220;{}&#8220;][et_pb_column type=&#8220;4_4&#8243; _builder_version=&#8220;4.16&#8243; custom_padding=&#8220;|||&#8220; global_colors_info=&#8220;{}&#8220; custom_padding__hover=&#8220;|||&#8220;][et_pb_text _builder_version=&#8220;4.27.5&#8243; text_font=&#8220;||||||||&#8220; header_font=&#8220;Rubik|700|||||||&#8220; header_font_size=&#8220;64px&#8220; header_line_height=&#8220;1.1em&#8220; text_orientation=&#8220;center&#8220; background_layout=&#8220;dark&#8220; max_width=&#8220;800px&#8220; module_alignment=&#8220;center&#8220; custom_margin=&#8220;||0px|&#8220; custom_padding=&#8220;|||16px&#8220; text_font_size_tablet=&#8220;14px&#8220; text_font_size_last_edited=&#8220;off|desktop&#8220; header_font_size_tablet=&#8220;44px&#8220; header_font_size_phone=&#8220;32px&#8220; header_font_size_last_edited=&#8220;on|phone&#8220; global_colors_info=&#8220;{}&#8220;]<\/p>\n<h1>Aktuelle Trends, Innovationen und Entwicklungen bei technischen Textilien<\/h1>\n<p>[\/et_pb_text][et_pb_divider color=&#8220;#ffb400&#8243; divider_position=&#8220;center&#8220; divider_weight=&#8220;5px&#8220; _builder_version=&#8220;4.16&#8243; max_width=&#8220;50px&#8220; module_alignment=&#8220;center&#8220; locked=&#8220;off&#8220; global_colors_info=&#8220;{}&#8220;][\/et_pb_divider][et_pb_button button_url=&#8220;https:\/\/ecima.com\/de\/veredelungen\/#soluciones&#8220; button_text=&#8220;Unsere L\u00f6sungen&#8220; button_alignment=&#8220;center&#8220; _builder_version=&#8220;4.27.5&#8243; custom_button=&#8220;on&#8220; button_text_size=&#8220;15px&#8220; button_text_color=&#8220;#000000&#8243; button_bg_color=&#8220;#ffffff&#8220; button_border_width=&#8220;16px&#8220; button_border_color=&#8220;rgba(0,0,0,0)&#8220; button_border_radius=&#8220;100px&#8220; button_letter_spacing=&#8220;2px&#8220; button_font=&#8220;Poppins|700||on|||||&#8220; box_shadow_style=&#8220;preset3&#8243; box_shadow_vertical=&#8220;20px&#8220; box_shadow_blur=&#8220;80px&#8220; box_shadow_spread=&#8220;-20px&#8220; locked=&#8220;off&#8220; global_colors_info=&#8220;{}&#8220;][\/et_pb_button][\/et_pb_column][\/et_pb_row][\/et_pb_section][et_pb_section fb_built=&#8220;1&#8243; _builder_version=&#8220;4.27.5&#8243; _module_preset=&#8220;default&#8220; custom_padding=&#8220;2px||1px|||&#8220; global_colors_info=&#8220;{}&#8220;][et_pb_row _builder_version=&#8220;4.27.5&#8243; _module_preset=&#8220;default&#8220; global_colors_info=&#8220;{}&#8220;][et_pb_column type=&#8220;4_4&#8243; _builder_version=&#8220;4.27.5&#8243; _module_preset=&#8220;default&#8220; global_colors_info=&#8220;{}&#8220;][et_pb_text _builder_version=&#8220;4.27.5&#8243; _module_preset=&#8220;default&#8220; text_line_height=&#8220;2em&#8220; header_font=&#8220;Poppins|700|||||||&#8220; header_font_size=&#8220;36px&#8220; header_2_font=&#8220;Poppins|700|on||||||&#8220; header_2_font_size=&#8220;36px&#8220; header_2_line_height=&#8220;1.5em&#8220; global_colors_info=&#8220;{}&#8220;]<\/p>\n<h2 style=\"text-align: center;\">St\u00e4ndige Innovation bei Prozessen und Technologien<\/h2>\n<p style=\"text-align: center;\">Hier informieren wir Sie \u00fcber aktuelle Neuigkeiten von <strong>E.Cima<\/strong> sowie \u00fcber relevante Informationen aus der Welt der technischen Textilien und der industriellen Veredelung. Unser Ziel ist es, Kunden, Partner und Fachleute \u00fcber technologische Fortschritte, Produktionsverbesserungen und Trends, die die Zukunft der technischen Textilindustrie pr\u00e4gen, auf dem Laufenden zu halten. <\/p>\n<p style=\"text-align: center;\">Dar\u00fcber hinaus ver\u00f6ffentlichen wir Informationen \u00fcber die Anschaffung neuer Maschinen, die Optimierung unserer Webanlagen und die Entwicklung spezieller technischer Veredelungen. Damit demonstrieren wir unser Engagement f\u00fcr Innovation, Qualit\u00e4t und kontinuierliche Verbesserung. <\/p>\n<p style=\"text-align: center;\">Der Bereich der technischen Textilien entwickelt sich rasant. Deshalb investieren wir bei E.Cima kontinuierlich in die Modernisierung unserer Produktionsanlagen und die Optimierung unserer industriellen Prozesse. So steigern wir die Produktionseffizienz, verk\u00fcrzen die Fertigungszeiten und gew\u00e4hrleisten eine pr\u00e4zisere Qualit\u00e4tskontrolle. Dar\u00fcber hinaus erforschen wir neue L\u00f6sungen im Bereich Harze, Sch\u00e4ume, Laminate und feuerhemmende Ausr\u00fcstungen, um Produkte anzubieten, die auf die immer anspruchsvolleren Branchen zugeschnitten sind.   <\/p>\n<p>[\/et_pb_text][\/et_pb_column][\/et_pb_row][\/et_pb_section][et_pb_section fb_built=&#8220;1&#8243; admin_label=&#8220;Blog&#8220; _builder_version=&#8220;4.16&#8243; global_colors_info=&#8220;{}&#8220;][et_pb_row _builder_version=&#8220;4.16&#8243; custom_width_px__hover=&#8220;1080px&#8220; custom_width_px__hover_enabled=&#8220;1080px&#8220; custom_width_percent__hover=&#8220;80%&#8220; custom_width_percent__hover_enabled=&#8220;80%&#8220; locked=&#8220;off&#8220; global_colors_info=&#8220;{}&#8220; gutter_width__hover=&#8220;3&#8243; gutter_width__hover_enabled=&#8220;3&#8243; parallax_1__hover=&#8220;off&#8220; parallax_1__hover_enabled=&#8220;off&#8220; parallax_2__hover=&#8220;off&#8220; parallax_2__hover_enabled=&#8220;off&#8220; parallax_3__hover=&#8220;off&#8220; parallax_3__hover_enabled=&#8220;off&#8220; parallax_4__hover=&#8220;off&#8220; parallax_4__hover_enabled=&#8220;off&#8220; parallax_5__hover=&#8220;off&#8220; parallax_5__hover_enabled=&#8220;off&#8220; parallax_6__hover=&#8220;off&#8220; parallax_6__hover_enabled=&#8220;off&#8220; parallax_method_1__hover=&#8220;on&#8220; parallax_method_1__hover_enabled=&#8220;on&#8220; parallax_method_2__hover=&#8220;on&#8220; parallax_method_2__hover_enabled=&#8220;on&#8220; parallax_method_3__hover=&#8220;on&#8220; parallax_method_3__hover_enabled=&#8220;on&#8220; parallax_method_4__hover=&#8220;on&#8220; parallax_method_4__hover_enabled=&#8220;on&#8220; parallax_method_5__hover=&#8220;on&#8220; parallax_method_5__hover_enabled=&#8220;on&#8220; parallax_method_6__hover=&#8220;on&#8220; parallax_method_6__hover_enabled=&#8220;on&#8220; use_background_color_gradient__hover=&#8220;off&#8220; use_background_color_gradient__hover_enabled=&#8220;off&#8220; background_color_gradient_start__hover=&#8220;#2b87da&#8220; background_color_gradient_start__hover_enabled=&#8220;#2b87da&#8220; background_color_gradient_end__hover=&#8220;#29c4a9&#8243; background_color_gradient_end__hover_enabled=&#8220;#29c4a9&#8243; background_color_gradient_type__hover=&#8220;linear&#8220; background_color_gradient_type__hover_enabled=&#8220;linear&#8220; background_color_gradient_direction__hover=&#8220;180deg&#8220; background_color_gradient_direction__hover_enabled=&#8220;180deg&#8220; background_color_gradient_direction_radial__hover=&#8220;center&#8220; background_color_gradient_direction_radial__hover_enabled=&#8220;center&#8220; background_color_gradient_start_position__hover=&#8220;0%&#8220; background_color_gradient_start_position__hover_enabled=&#8220;0%&#8220; background_color_gradient_end_position__hover=&#8220;100%&#8220; background_color_gradient_end_position__hover_enabled=&#8220;100%&#8220; background_color_gradient_overlays_image__hover=&#8220;off&#8220; background_color_gradient_overlays_image__hover_enabled=&#8220;off&#8220; parallax__hover=&#8220;off&#8220; parallax__hover_enabled=&#8220;off&#8220; parallax_method__hover=&#8220;on&#8220; parallax_method__hover_enabled=&#8220;on&#8220; background_size__hover=&#8220;cover&#8220; background_size__hover_enabled=&#8220;cover&#8220; background_position__hover=&#8220;center&#8220; background_position__hover_enabled=&#8220;center&#8220; background_repeat__hover=&#8220;no-repeat&#8220; background_repeat__hover_enabled=&#8220;no-repeat&#8220; background_blend__hover=&#8220;normal&#8220; background_blend__hover_enabled=&#8220;normal&#8220; allow_player_pause__hover=&#8220;off&#8220; allow_player_pause__hover_enabled=&#8220;off&#8220; background_video_pause_outside_viewport__hover=&#8220;on&#8220; background_video_pause_outside_viewport__hover_enabled=&#8220;on&#8220; make_fullwidth__hover=&#8220;off&#8220; make_fullwidth__hover_enabled=&#8220;off&#8220; use_custom_width__hover=&#8220;off&#8220; use_custom_width__hover_enabled=&#8220;off&#8220; width_unit__hover=&#8220;on&#8220; width_unit__hover_enabled=&#8220;on&#8220; use_custom_gutter__hover=&#8220;off&#8220; use_custom_gutter__hover_enabled=&#8220;off&#8220; make_equal__hover=&#8220;off&#8220; make_equal__hover_enabled=&#8220;off&#8220; border_radii__hover=&#8220;on||||&#8220; border_radii__hover_enabled=&#8220;on||||&#8220; box_shadow_style__hover=&#8220;none&#8220; box_shadow_style__hover_enabled=&#8220;none&#8220; box_shadow_color__hover=&#8220;rgba(0,0,0,0.3)&#8220; box_shadow_color__hover_enabled=&#8220;rgba(0,0,0,0.3)&#8220; filter_hue_rotate__hover=&#8220;0deg&#8220; filter_hue_rotate__hover_enabled=&#8220;0deg&#8220; filter_saturate__hover=&#8220;100%&#8220; filter_saturate__hover_enabled=&#8220;100%&#8220; filter_brightness__hover=&#8220;100%&#8220; filter_brightness__hover_enabled=&#8220;100%&#8220; filter_contrast__hover=&#8220;100%&#8220; filter_contrast__hover_enabled=&#8220;100%&#8220; filter_invert__hover=&#8220;0%&#8220; filter_invert__hover_enabled=&#8220;0%&#8220; filter_sepia__hover=&#8220;0%&#8220; filter_sepia__hover_enabled=&#8220;0%&#8220; filter_opacity__hover=&#8220;100%&#8220; filter_opacity__hover_enabled=&#8220;100%&#8220; filter_blur__hover=&#8220;0px&#8220; filter_blur__hover_enabled=&#8220;0px&#8220; mix_blend_mode__hover=&#8220;normal&#8220; mix_blend_mode__hover_enabled=&#8220;normal&#8220; animation_style__hover=&#8220;none&#8220; animation_style__hover_enabled=&#8220;none&#8220; animation_repeat__hover=&#8220;once&#8220; animation_repeat__hover_enabled=&#8220;once&#8220; animation_direction__hover=&#8220;center&#8220; animation_direction__hover_enabled=&#8220;center&#8220; animation_duration__hover=&#8220;1000ms&#8220; animation_duration__hover_enabled=&#8220;1000ms&#8220; animation_delay__hover=&#8220;0ms&#8220; animation_delay__hover_enabled=&#8220;0ms&#8220; animation_intensity_slide__hover=&#8220;50%&#8220; animation_intensity_slide__hover_enabled=&#8220;50%&#8220; animation_intensity_zoom__hover=&#8220;50%&#8220; animation_intensity_zoom__hover_enabled=&#8220;50%&#8220; animation_intensity_flip__hover=&#8220;50%&#8220; animation_intensity_flip__hover_enabled=&#8220;50%&#8220; animation_intensity_fold__hover=&#8220;50%&#8220; animation_intensity_fold__hover_enabled=&#8220;50%&#8220; animation_intensity_roll__hover=&#8220;50%&#8220; animation_intensity_roll__hover_enabled=&#8220;50%&#8220; animation_starting_opacity__hover=&#8220;0%&#8220; animation_starting_opacity__hover_enabled=&#8220;0%&#8220; animation_speed_curve__hover=&#8220;ease-in-out&#8220; animation_speed_curve__hover_enabled=&#8220;ease-in-out&#8220; hover_transition_duration__hover=&#8220;300ms&#8220; hover_transition_duration__hover_enabled=&#8220;300ms&#8220; hover_transition_delay__hover=&#8220;0ms&#8220; hover_transition_delay__hover_enabled=&#8220;0ms&#8220; hover_transition_speed_curve__hover=&#8220;ease&#8220; hover_transition_speed_curve__hover_enabled=&#8220;ease&#8220; background_color_gradient_stops__hover=&#8220;#2b87da 0%|#29c4a9 100%&#8220;][et_pb_column type=&#8220;4_4&#8243; _builder_version=&#8220;4.16&#8243; custom_padding=&#8220;|||&#8220; global_colors_info=&#8220;{}&#8220; custom_padding__hover=&#8220;|||&#8220;][et_pb_blog fullwidth=&#8220;off&#8220; posts_number=&#8220;9&#8243; _builder_version=&#8220;4.16&#8243; header_font=&#8220;Poppins|700|on||||||&#8220; header_font_size=&#8220;16px&#8220; header_line_height=&#8220;1.4em&#8220; body_line_height=&#8220;2em&#8220; meta_font=&#8220;Poppins||||||||&#8220; meta_text_color=&#8220;#008a1c&#8220; pagination_font=&#8220;Poppins|700|on||||||&#8220; pagination_text_color=&#8220;#008a1c&#8220; pagination_font_size=&#8220;18px&#8220; border_radii=&#8220;on|15px|15px|15px|15px&#8220; border_width_all=&#8220;0px&#8220; box_shadow_style=&#8220;preset3&#8243; box_shadow_vertical=&#8220;40px&#8220; box_shadow_blur=&#8220;80px&#8220; box_shadow_spread=&#8220;-20px&#8220; box_shadow_color=&#8220;rgba(0,46,117,0.12)&#8220; global_colors_info=&#8220;{}&#8220; header_font_size__hover=&#8220;22px&#8220; header_font_size__hover_enabled=&#8220;22px&#8220; header_letter_spacing__hover=&#8220;0px&#8220; header_letter_spacing__hover_enabled=&#8220;0px&#8220; header_line_height__hover=&#8220;1em&#8220; header_line_height__hover_enabled=&#8220;1em&#8220; header_text_shadow_style__hover=&#8220;none&#8220; header_text_shadow_style__hover_enabled=&#8220;none&#8220; header_text_shadow_color__hover=&#8220;rgba(0,0,0,0.4)&#8220; header_text_shadow_color__hover_enabled=&#8220;rgba(0,0,0,0.4)&#8220;][\/et_pb_blog][\/et_pb_column][\/et_pb_row][\/et_pb_section][et_pb_section fb_built=&#8220;1&#8243; admin_label=&#8220;Videos&#8220; _builder_version=&#8220;4.16&#8243; background_color=&#8220;#f2f5fa&#8220; background_image=&#8220;https:\/\/ecima.com\/wp-content\/uploads\/2026\/02\/isp-08-5-scaled.png&#8220; parallax=&#8220;on&#8220; max_width=&#8220;90%&#8220; max_width_tablet=&#8220;&#8220; max_width_phone=&#8220;&#8220; max_width_last_edited=&#8220;on|desktop&#8220; module_alignment=&#8220;center&#8220; custom_padding=&#8220;54px|0px|0|0px|false|false&#8220; border_radii=&#8220;on|30px|30px|30px|30px&#8220; global_colors_info=&#8220;{}&#8220;][et_pb_row column_structure=&#8220;2_5,3_5&#8243; _builder_version=&#8220;4.16&#8243; custom_margin_tablet=&#8220;40px||40px||true&#8220; custom_margin_phone=&#8220;&#8220; custom_margin_last_edited=&#8220;on|tablet&#8220; global_colors_info=&#8220;{}&#8220;][et_pb_column type=&#8220;2_5&#8243; _builder_version=&#8220;4.16&#8243; custom_padding=&#8220;|||&#8220; global_colors_info=&#8220;{}&#8220; custom_padding__hover=&#8220;|||&#8220;][et_pb_text _builder_version=&#8220;4.27.5&#8243; text_font=&#8220;||||||||&#8220; text_line_height=&#8220;2em&#8220; header_font=&#8220;||||||||&#8220; header_2_font=&#8220;Poppins|700|on||||||&#8220; header_2_font_size=&#8220;36px&#8220; header_2_line_height=&#8220;1.5em&#8220; header_3_font=&#8220;Poppins|500|||||||&#8220; header_3_text_color=&#8220;#008a1c&#8220; header_3_font_size=&#8220;16px&#8220; header_3_line_height=&#8220;1.8em&#8220; max_width=&#8220;700px&#8220; header_2_font_size_tablet=&#8220;&#8220; header_2_font_size_phone=&#8220;26px&#8220; header_2_font_size_last_edited=&#8220;on|phone&#8220; locked=&#8220;off&#8220; global_colors_info=&#8220;{}&#8220;]<\/p>\n<h3>Engagement f\u00fcr den Sektor und unsere Kunden<\/h3>\n<p>In diesem Abschnitt berichten wir auch \u00fcber unsere Beteiligung an Projekten, Kooperationen und internen Verbesserungen, die unsere Position als auf technische Textilien spezialisiertes Unternehmen st\u00e4rken.<\/p>\n<p>Kurz gesagt, Actualidad <strong>E.Cima<\/strong> ist ein Treffpunkt, an dem Innovation, Erfahrung und Technologie zusammenkommen, um die Entwicklung des industriellen Textilsektors voranzutreiben.<\/p>\n<p>[\/et_pb_text][\/et_pb_column][et_pb_column type=&#8220;3_5&#8243; _builder_version=&#8220;4.16&#8243; custom_padding=&#8220;|||&#8220; global_colors_info=&#8220;{}&#8220; custom_padding__hover=&#8220;|||&#8220;][et_pb_video_slider show_image_overlay=&#8220;on&#8220; play_icon_color=&#8220;#000000&#8243; _builder_version=&#8220;4.27.5&#8243; border_radii=&#8220;on|30px|30px|30px|30px&#8220; global_colors_info=&#8220;{}&#8220;][et_pb_video_slider_item src=&#8220;https:\/\/ecima.com\/wp-content\/uploads\/2021\/07\/Comp-1.mp4&#8243; _builder_version=&#8220;4.27.5&#8243; global_colors_info=&#8220;{}&#8220; show_image_overlay=&#8220;on&#8220;][\/et_pb_video_slider_item][\/et_pb_video_slider][\/et_pb_column][\/et_pb_row][\/et_pb_section][et_pb_section fb_built=&#8220;1&#8243; fullwidth=&#8220;on&#8220; _builder_version=&#8220;4.27.6&#8243; _module_preset=&#8220;default&#8220; background_color=&#8220;#002c51&#8243; custom_margin=&#8220;36px|||||&#8220; custom_padding=&#8220;||36px|||&#8220; top_divider_style=&#8220;wave2&#8243; top_divider_color=&#8220;#FFFFFF&#8220; global_colors_info=&#8220;{}&#8220; global_module=&#8220;3253&#8243; theme_builder_area=&#8220;post_content&#8220;][\/et_pb_section]<\/p>\n","protected":false},"excerpt":{"rendered":"<p>Hier teilen wir die aktuellsten Neuigkeiten von Ecima sowie relevante Informationen aus der Welt der technischen Textilien und der industriellen Veredelung. Unser Ziel ist es, Kunden, Partner und Fachleute \u00fcber technologische Fortschritte, Produktionsverbesserungen und Trends, die die Zukunft der technischen Textilindustrie pr\u00e4gen, auf dem Laufenden zu halten. <\/p>\n","protected":false},"author":2,"featured_media":0,"parent":0,"menu_order":0,"comment_status":"closed","ping_status":"closed","template":"","meta":{"_et_pb_use_builder":"on","_et_pb_old_content":"","_et_gb_content_width":"","footnotes":""},"class_list":["post-1926","page","type-page","status-publish","hentry"],"yoast_head":"<!-- This site is optimized with the Yoast SEO plugin v27.1.1 - https:\/\/yoast.com\/product\/yoast-seo-wordpress\/ -->\n<title>Aktualit\u00e4t - Ecima<\/title>\n<meta name=\"description\" content=\"Aktuelle Neuigkeiten zum Stand der technischen Textilien und industriellen Ausr\u00fcstungsbranche.\" \/>\n<meta name=\"robots\" content=\"index, follow, max-snippet:-1, max-image-preview:large, max-video-preview:-1\" \/>\n<link rel=\"canonical\" href=\"https:\/\/ecima.com\/de\/aktualitat\/\" \/>\n<meta property=\"og:locale\" content=\"de_DE\" \/>\n<meta property=\"og:type\" content=\"article\" \/>\n<meta property=\"og:title\" content=\"Aktualit\u00e4t - Ecima\" \/>\n<meta property=\"og:description\" content=\"Aktuelle Neuigkeiten zum Stand der technischen Textilien und industriellen Ausr\u00fcstungsbranche.\" \/>\n<meta property=\"og:url\" content=\"https:\/\/ecima.com\/de\/aktualitat\/\" \/>\n<meta property=\"og:site_name\" content=\"Ecima\" \/>\n<meta property=\"article:modified_time\" content=\"2026-03-12T10:06:36+00:00\" \/>\n<meta name=\"twitter:card\" content=\"summary_large_image\" \/>\n<meta name=\"twitter:label1\" content=\"Gesch\u00e4tzte Lesezeit\" \/>\n\t<meta name=\"twitter:data1\" content=\"9\u00a0Minuten\" \/>\n<script type=\"application\/ld+json\" class=\"yoast-schema-graph\">{\"@context\":\"https:\/\/schema.org\",\"@graph\":[{\"@type\":\"WebPage\",\"@id\":\"https:\/\/ecima.com\/de\/aktualitat\/\",\"url\":\"https:\/\/ecima.com\/de\/aktualitat\/\",\"name\":\"Aktualit\u00e4t - Ecima\",\"isPartOf\":{\"@id\":\"https:\/\/ecima.com\/de\/#website\"},\"datePublished\":\"2022-02-16T19:29:41+00:00\",\"dateModified\":\"2026-03-12T10:06:36+00:00\",\"description\":\"Aktuelle Neuigkeiten zum Stand der technischen Textilien und industriellen Ausr\u00fcstungsbranche.\",\"breadcrumb\":{\"@id\":\"https:\/\/ecima.com\/de\/aktualitat\/#breadcrumb\"},\"inLanguage\":\"de\",\"potentialAction\":[{\"@type\":\"ReadAction\",\"target\":[\"https:\/\/ecima.com\/de\/aktualitat\/\"]}]},{\"@type\":\"BreadcrumbList\",\"@id\":\"https:\/\/ecima.com\/de\/aktualitat\/#breadcrumb\",\"itemListElement\":[{\"@type\":\"ListItem\",\"position\":1,\"name\":\"Inici\",\"item\":\"https:\/\/ecima.com\/de\/anfang\/\"},{\"@type\":\"ListItem\",\"position\":2,\"name\":\"Aktualit\u00e4t\"}]},{\"@type\":\"WebSite\",\"@id\":\"https:\/\/ecima.com\/de\/#website\",\"url\":\"https:\/\/ecima.com\/de\/\",\"name\":\"Ecima\",\"description\":\"Tu partner en tejidos t\u00e9cnicos\",\"potentialAction\":[{\"@type\":\"SearchAction\",\"target\":{\"@type\":\"EntryPoint\",\"urlTemplate\":\"https:\/\/ecima.com\/de\/?s={search_term_string}\"},\"query-input\":{\"@type\":\"PropertyValueSpecification\",\"valueRequired\":true,\"valueName\":\"search_term_string\"}}],\"inLanguage\":\"de\"}]}<\/script>\n<!-- \/ Yoast SEO plugin. -->","yoast_head_json":{"title":"Aktualit\u00e4t - Ecima","description":"Aktuelle Neuigkeiten zum Stand der technischen Textilien und industriellen Ausr\u00fcstungsbranche.","robots":{"index":"index","follow":"follow","max-snippet":"max-snippet:-1","max-image-preview":"max-image-preview:large","max-video-preview":"max-video-preview:-1"},"canonical":"https:\/\/ecima.com\/de\/aktualitat\/","og_locale":"de_DE","og_type":"article","og_title":"Aktualit\u00e4t - Ecima","og_description":"Aktuelle Neuigkeiten zum Stand der technischen Textilien und industriellen Ausr\u00fcstungsbranche.","og_url":"https:\/\/ecima.com\/de\/aktualitat\/","og_site_name":"Ecima","article_modified_time":"2026-03-12T10:06:36+00:00","twitter_card":"summary_large_image","twitter_misc":{"Gesch\u00e4tzte Lesezeit":"9\u00a0Minuten"},"schema":{"@context":"https:\/\/schema.org","@graph":[{"@type":"WebPage","@id":"https:\/\/ecima.com\/de\/aktualitat\/","url":"https:\/\/ecima.com\/de\/aktualitat\/","name":"Aktualit\u00e4t - Ecima","isPartOf":{"@id":"https:\/\/ecima.com\/de\/#website"},"datePublished":"2022-02-16T19:29:41+00:00","dateModified":"2026-03-12T10:06:36+00:00","description":"Aktuelle Neuigkeiten zum Stand der technischen Textilien und industriellen Ausr\u00fcstungsbranche.","breadcrumb":{"@id":"https:\/\/ecima.com\/de\/aktualitat\/#breadcrumb"},"inLanguage":"de","potentialAction":[{"@type":"ReadAction","target":["https:\/\/ecima.com\/de\/aktualitat\/"]}]},{"@type":"BreadcrumbList","@id":"https:\/\/ecima.com\/de\/aktualitat\/#breadcrumb","itemListElement":[{"@type":"ListItem","position":1,"name":"Inici","item":"https:\/\/ecima.com\/de\/anfang\/"},{"@type":"ListItem","position":2,"name":"Aktualit\u00e4t"}]},{"@type":"WebSite","@id":"https:\/\/ecima.com\/de\/#website","url":"https:\/\/ecima.com\/de\/","name":"Ecima","description":"Tu partner en tejidos t\u00e9cnicos","potentialAction":[{"@type":"SearchAction","target":{"@type":"EntryPoint","urlTemplate":"https:\/\/ecima.com\/de\/?s={search_term_string}"},"query-input":{"@type":"PropertyValueSpecification","valueRequired":true,"valueName":"search_term_string"}}],"inLanguage":"de"}]}},"_links":{"self":[{"href":"https:\/\/ecima.com\/de\/wp-json\/wp\/v2\/pages\/1926","targetHints":{"allow":["GET"]}}],"collection":[{"href":"https:\/\/ecima.com\/de\/wp-json\/wp\/v2\/pages"}],"about":[{"href":"https:\/\/ecima.com\/de\/wp-json\/wp\/v2\/types\/page"}],"author":[{"embeddable":true,"href":"https:\/\/ecima.com\/de\/wp-json\/wp\/v2\/users\/2"}],"replies":[{"embeddable":true,"href":"https:\/\/ecima.com\/de\/wp-json\/wp\/v2\/comments?post=1926"}],"version-history":[{"count":4,"href":"https:\/\/ecima.com\/de\/wp-json\/wp\/v2\/pages\/1926\/revisions"}],"predecessor-version":[{"id":3562,"href":"https:\/\/ecima.com\/de\/wp-json\/wp\/v2\/pages\/1926\/revisions\/3562"}],"wp:attachment":[{"href":"https:\/\/ecima.com\/de\/wp-json\/wp\/v2\/media?parent=1926"}],"curies":[{"name":"wp","href":"https:\/\/api.w.org\/{rel}","templated":true}]}}