{"id":1444,"date":"2022-02-10T11:34:18","date_gmt":"2022-02-10T10:34:18","guid":{"rendered":"https:\/\/ecima.com\/politique-de-confidentialite\/"},"modified":"2026-03-13T08:00:24","modified_gmt":"2026-03-13T07:00:24","slug":"politique-de-confidentialite","status":"publish","type":"page","link":"https:\/\/ecima.com\/fr\/politique-de-confidentialite\/","title":{"rendered":"Politique de confidentialit\u00e9"},"content":{"rendered":"<p>[et_pb_section fb_built=\u00a0\u00bb1&Prime; admin_label=\u00a0\u00bbHero\u00a0\u00bb _builder_version=\u00a0\u00bb4.16&Prime; use_background_color_gradient=\u00a0\u00bbon\u00a0\u00bb background_color_gradient_direction=\u00a0\u00bb360deg\u00a0\u00bb background_color_gradient_stops=\u00a0\u00bb#ffffff 0%|rgba(40,40,40,0) 35%\u00a0\u00bb background_color_gradient_overlays_image=\u00a0\u00bbon\u00a0\u00bb background_color_gradient_start=\u00a0\u00bb#ffffff\u00a0\u00bb background_color_gradient_end=\u00a0\u00bbrgba(40,40,40,0)\u00a0\u00bb background_color_gradient_end_position=\u00a0\u00bb35%\u00a0\u00bb background_image=\u00a0\u00bbhttps:\/\/ecima.com\/wp-content\/uploads\/2021\/07\/foamizados.jpg\u00a0\u00bb background_position=\u00a0\u00bbbottom_center\u00a0\u00bb custom_margin=\u00a0\u00bb||||false\u00a0\u00bb custom_padding=\u00a0\u00bb8vw||8vw||true|false\u00a0\u00bb global_colors_info=\u00a0\u00bb{}\u00a0\u00bb][\/et_pb_section][et_pb_section fb_built=\u00a0\u00bb1&Prime; admin_label=\u00a0\u00bb Get a Quote\u00a0\u00bb _builder_version=\u00a0\u00bb4.16&Prime; custom_padding=\u00a0\u00bb1px|||||\u00a0\u00bb animation_style=\u00a0\u00bbflip\u00a0\u00bb animation_direction=\u00a0\u00bbtop\u00a0\u00bb box_shadow_style=\u00a0\u00bbpreset3&Prime; box_shadow_vertical=\u00a0\u00bb80px\u00a0\u00bb box_shadow_blur=\u00a0\u00bb76px\u00a0\u00bb box_shadow_spread=\u00a0\u00bb-35px\u00a0\u00bb box_shadow_color=\u00a0\u00bbrgba(0,0,0,0.12)\u00a0\u00bb global_colors_info=\u00a0\u00bb{}\u00a0\u00bb][et_pb_row _builder_version=\u00a0\u00bb4.16&Prime; global_colors_info=\u00a0\u00bb{}\u00a0\u00bb][et_pb_column type=\u00a0\u00bb4_4&Prime; _builder_version=\u00a0\u00bb4.16&Prime; custom_padding=\u00a0\u00bb|||\u00a0\u00bb global_colors_info=\u00a0\u00bb{}\u00a0\u00bb custom_padding__hover=\u00a0\u00bb|||\u00a0\u00bb][et_pb_divider color=\u00a0\u00bb#ffb400&Prime; divider_position=\u00a0\u00bbcenter\u00a0\u00bb divider_weight=\u00a0\u00bb5px\u00a0\u00bb _builder_version=\u00a0\u00bb4.16&Prime; max_width=\u00a0\u00bb50px\u00a0\u00bb module_alignment=\u00a0\u00bbcenter\u00a0\u00bb locked=\u00a0\u00bboff\u00a0\u00bb global_colors_info=\u00a0\u00bb{}\u00a0\u00bb][\/et_pb_divider][et_pb_text _builder_version=\u00a0\u00bb4.27.6&Prime; text_font=\u00a0\u00bb||||||||\u00a0\u00bb header_font=\u00a0\u00bbRubik|700|||||||\u00a0\u00bb header_text_color=\u00a0\u00bb#2a2a2a\u00a0\u00bb header_font_size=\u00a0\u00bb64px\u00a0\u00bb header_line_height=\u00a0\u00bb1.1em\u00a0\u00bb text_orientation=\u00a0\u00bbcenter\u00a0\u00bb background_layout=\u00a0\u00bbdark\u00a0\u00bb max_width=\u00a0\u00bb800px\u00a0\u00bb module_alignment=\u00a0\u00bbcenter\u00a0\u00bb custom_margin=\u00a0\u00bb||30px|||\u00a0\u00bb custom_padding=\u00a0\u00bb|||16px\u00a0\u00bb text_font_size_tablet=\u00a0\u00bb14px\u00a0\u00bb text_font_size_last_edited=\u00a0\u00bboff|desktop\u00a0\u00bb header_font_size_tablet=\u00a0\u00bb44px\u00a0\u00bb header_font_size_phone=\u00a0\u00bb32px\u00a0\u00bb header_font_size_last_edited=\u00a0\u00bbon|phone\u00a0\u00bb global_colors_info=\u00a0\u00bb{}\u00a0\u00bb]<\/p>\n<h1>Politique de confidentialit\u00e9<\/h1>\n<p>[\/et_pb_text][et_pb_text _builder_version=\u00a0\u00bb4.27.6&Prime; text_font=\u00a0\u00bb||||||||\u00a0\u00bb text_text_color=\u00a0\u00bb#383838&Prime; text_font_size=\u00a0\u00bb16px\u00a0\u00bb text_line_height=\u00a0\u00bb1.6em\u00a0\u00bb header_font=\u00a0\u00bb||||||||\u00a0\u00bb header_2_font=\u00a0\u00bbRubik||||||||\u00a0\u00bb header_2_text_color=\u00a0\u00bb#000000&Prime; background_layout=\u00a0\u00bbdark\u00a0\u00bb max_width=\u00a0\u00bb800px\u00a0\u00bb module_alignment=\u00a0\u00bbcenter\u00a0\u00bb custom_margin=\u00a0\u00bb|||\u00a0\u00bb custom_padding=\u00a0\u00bb20px||20px||true\u00a0\u00bb text_font_size_tablet=\u00a0\u00bb18px\u00a0\u00bb text_font_size_phone=\u00a0\u00bb\u00a0\u00bb text_font_size_last_edited=\u00a0\u00bbon|phone\u00a0\u00bb global_colors_info=\u00a0\u00bb{}\u00a0\u00bb]<\/p>\n<h2>Informations sur le R\u00e8glement g\u00e9n\u00e9ral sur la protection des donn\u00e9es<\/h2>\n<p>NOUS AVONS ADAPT\u00c9 NOTRE POLITIQUE DE CONFIDENTIALIT\u00c9 AU NOUVEAU R\u00c8GLEMENT G\u00c9N\u00c9RAL SUR LA PROTECTION DES DONN\u00c9ES (RGPD), applicable \u00e0 compter du 25 mai 2018.<\/p>\n<p>\u00c0 cet \u00e9gard, nous vous informons qu\u2019\u00e0 compter de cette date, nous continuerons \u00e0 prot\u00e9ger vos donn\u00e9es personnelles et, de plus, \u00e0 nous conformer au nouveau r\u00e8glement, qui pr\u00e9voit:<\/p>\n<ul>\n<li>L&rsquo;entit\u00e9 responsable du traitement de vos donn\u00e9es personnelles est E.CIMA, SAU.<\/li>\n<li>Le traitement des donn\u00e9es personnelles a pour but de g\u00e9rer la relation commerciale avec E.CIMA, SAU.<\/li>\n<li>Vos donn\u00e9es personnelles ne pourront \u00eatre communiqu\u00e9es \u00e0 des tiers, \u00e0 l&rsquo;exception des autres soci\u00e9t\u00e9s du groupe ou lorsque cela est n\u00e9cessaire \u00e0 la fourniture de services qui nous concernent ou lorsque l&rsquo;administration publique l&rsquo;exige.<\/li>\n<li>Vous pouvez exercer vos droits d&rsquo;acc\u00e8s, de rectification, d&rsquo;effacement, de limitation du traitement, de portabilit\u00e9 et d&rsquo;opposition en envoyant un courriel \u00e0 l&rsquo;adresse de E.CIMA,SAU Cami del Moli d&rsquo;en Torrella (final) 08202 SABADELL, en joignant une preuve documentaire de votre identit\u00e9.<\/li>\n<\/ul>\n<p>Conform\u00e9ment \u00e0 la r\u00e9glementation en vigueur, E.CIMA, SAU vous informe que vos donn\u00e9es seront incluses, ou sont d\u00e9j\u00e0, dans un fichier sous la responsabilit\u00e9 de notre soci\u00e9t\u00e9, afin de g\u00e9rer notre relation commerciale. Vous pouvez exercer vos droits d&rsquo;acc\u00e8s, de rectification, de suppression, de limitation du traitement, de portabilit\u00e9 et d&rsquo;opposition au traitement de vos donn\u00e9es \u00e0 tout moment en contactant E.CIMA, SAU Cami del Moli d\u00b4en Torrella (fin) 08202 SABADELL. <\/p>\n<p>&nbsp;<\/p>\n<h2>Politique de confidentialit\u00e9<\/h2>\n<p><strong>1. Qui est responsable du traitement de vos donn\u00e9es personnelles?<\/strong><br \/>Responsable du traitement : E.CIMA, SAU Cami del Moli d&rsquo;en Torrella (final) 08202 Sabadell<br \/>Courriel: <a href=\"mailto:ecima@ecima.com\">ecima@ecima.com<\/a><\/p>\n<p><strong>2- Quelles sont les finalit\u00e9s du traitement de vos donn\u00e9es personnelles ?<\/strong><br \/>Nous traitons les donn\u00e9es personnelles de nos contacts, clients et fournisseurs dans le but de g\u00e9rer notre relation commerciale, y compris par voie \u00e9lectronique.<\/p>\n<p><strong>3- Combien de temps conserverons-nous vos donn\u00e9es personnelles ?<\/strong><br \/>Les donn\u00e9es personnelles sont conserv\u00e9es conform\u00e9ment \u00e0 la r\u00e9glementation comptable en vigueur.<\/p>\n<p><strong>4- Quelle est la l\u00e9gitimit\u00e9 du traitement de vos donn\u00e9es personnelles ?<\/strong><br \/>La base l\u00e9gitime pour le traitement des donn\u00e9es personnelles est l&rsquo;int\u00e9r\u00eat mutuel et le consentement de l&rsquo;utilisateur.<\/p>\n<p><strong>5- A quels destinataires vos donn\u00e9es personnelles seront-elles communiqu\u00e9es ?<\/strong><br \/>Les donn\u00e9es ne peuvent \u00eatre communiqu\u00e9es qu&rsquo;aux entreprises du groupe lui-m\u00eame dans le domaine de la gestion commerciale et de l&rsquo;administration publique, lorsque la r\u00e9glementation en vigueur l&rsquo;exige.<\/p>\n<p>Les employ\u00e9s de E.CIMA, SAU qui ont des droits d&rsquo;acc\u00e8s autoris\u00e9s conform\u00e9ment \u00e0 la s\u00e9curit\u00e9 interne de E.CIMA, SAU, peuvent acc\u00e9der \u00e0 vos donn\u00e9es personnelles avec les objectifs et les finalit\u00e9s d\u00e9crites dans la pr\u00e9sente politique de confidentialit\u00e9. Tous les employ\u00e9s de E.CIMA, SAU ont \u00e9t\u00e9 inform\u00e9s de leurs responsabilit\u00e9s \u00e0 cet \u00e9gard. De m\u00eame, des organismes tiers dont l&rsquo;intervention est n\u00e9cessaire \u00e0 la bonne gestion de la fourniture du service peuvent acc\u00e9der \u00e0 vos donn\u00e9es.  <\/p>\n<p>E.CIMA, SAU a \u00e9tabli des accords contractuels et des mesures de s\u00e9curit\u00e9 avec des tiers pour garantir le niveau appropri\u00e9 de s\u00e9curit\u00e9 et de protection des donn\u00e9es personnelles.<\/p>\n<p><strong>6. Quels sont vos droits concernant vos donn\u00e9es personnelles?<\/strong><br \/>Vous pouvez \u00e0 tout moment demander l\u2019acc\u00e8s \u00e0 vos donn\u00e9es personnelles, leur rectification, leur effacement, la limitation de leur traitement, leur portabilit\u00e9 et vous opposer \u00e0 leur traitement.<br \/>Vous pouvez retirer votre consentement en envoyant un courriel \u00e0 E.CIMA, SAU, accompagn\u00e9 d\u2019une pi\u00e8ce d\u2019identit\u00e9.<\/p>\n<p>[\/et_pb_text][\/et_pb_column][\/et_pb_row][\/et_pb_section][et_pb_section fb_built=\u00a0\u00bb1&Prime; fullwidth=\u00a0\u00bbon\u00a0\u00bb _builder_version=\u00a0\u00bb4.27.6&Prime; _module_preset=\u00a0\u00bbdefault\u00a0\u00bb background_color=\u00a0\u00bb#002c51&Prime; custom_margin=\u00a0\u00bb36px|||||\u00a0\u00bb custom_padding=\u00a0\u00bb||36px|||\u00a0\u00bb top_divider_style=\u00a0\u00bbwave2&Prime; top_divider_color=\u00a0\u00bb#FFFFFF\u00a0\u00bb global_colors_info=\u00a0\u00bb{}\u00a0\u00bb global_module=\u00a0\u00bb3253&Prime; theme_builder_area=\u00a0\u00bbpost_content\u00a0\u00bb][\/et_pb_section]<\/p>\n","protected":false},"excerpt":{"rendered":"<p>Informations relatives au traitement, \u00e0 la protection et aux droits concernant les donn\u00e9es personnelles sur le site web d&rsquo;E.Cima, conform\u00e9ment au RGPD.<\/p>\n","protected":false},"author":2,"featured_media":0,"parent":0,"menu_order":0,"comment_status":"closed","ping_status":"closed","template":"","meta":{"_et_pb_use_builder":"on","_et_pb_old_content":"","_et_gb_content_width":"","footnotes":""},"class_list":["post-1444","page","type-page","status-publish","hentry"],"yoast_head":"<!-- This site is optimized with the Yoast SEO plugin v27.1.1 - https:\/\/yoast.com\/product\/yoast-seo-wordpress\/ -->\n<title>Politique de confidentialit\u00e9 - Ecima<\/title>\n<meta name=\"description\" content=\"Consultez la politique de confidentialit\u00e9 d&#039;Ecima et d\u00e9couvrez comment nous prot\u00e9geons vos donn\u00e9es personnelles conform\u00e9ment au RGPD et \u00e0 la r\u00e9glementation en vigueur.\" \/>\n<meta name=\"robots\" content=\"index, follow, max-snippet:-1, max-image-preview:large, max-video-preview:-1\" \/>\n<link rel=\"canonical\" href=\"https:\/\/ecima.com\/fr\/politique-de-confidentialite\/\" \/>\n<meta property=\"og:locale\" content=\"fr_FR\" \/>\n<meta property=\"og:type\" content=\"article\" \/>\n<meta property=\"og:title\" content=\"Politique de confidentialit\u00e9 - Ecima\" \/>\n<meta property=\"og:description\" content=\"Consultez la politique de confidentialit\u00e9 d&#039;Ecima et d\u00e9couvrez comment nous prot\u00e9geons vos donn\u00e9es personnelles conform\u00e9ment au RGPD et \u00e0 la r\u00e9glementation en vigueur.\" \/>\n<meta property=\"og:url\" content=\"https:\/\/ecima.com\/fr\/politique-de-confidentialite\/\" \/>\n<meta property=\"og:site_name\" content=\"Ecima\" \/>\n<meta property=\"article:modified_time\" content=\"2026-03-13T07:00:24+00:00\" \/>\n<meta name=\"twitter:card\" content=\"summary_large_image\" \/>\n<meta name=\"twitter:label1\" content=\"Dur\u00e9e de lecture estim\u00e9e\" \/>\n\t<meta name=\"twitter:data1\" content=\"5 minutes\" \/>\n<script type=\"application\/ld+json\" class=\"yoast-schema-graph\">{\"@context\":\"https:\/\/schema.org\",\"@graph\":[{\"@type\":\"WebPage\",\"@id\":\"https:\/\/ecima.com\/fr\/politique-de-confidentialite\/\",\"url\":\"https:\/\/ecima.com\/fr\/politique-de-confidentialite\/\",\"name\":\"Politique de confidentialit\u00e9 - Ecima\",\"isPartOf\":{\"@id\":\"https:\/\/ecima.com\/fr\/#website\"},\"datePublished\":\"2022-02-10T10:34:18+00:00\",\"dateModified\":\"2026-03-13T07:00:24+00:00\",\"description\":\"Consultez la politique de confidentialit\u00e9 d'Ecima et d\u00e9couvrez comment nous prot\u00e9geons vos donn\u00e9es personnelles conform\u00e9ment au RGPD et \u00e0 la r\u00e9glementation en vigueur.\",\"breadcrumb\":{\"@id\":\"https:\/\/ecima.com\/fr\/politique-de-confidentialite\/#breadcrumb\"},\"inLanguage\":\"fr-FR\",\"potentialAction\":[{\"@type\":\"ReadAction\",\"target\":[\"https:\/\/ecima.com\/fr\/politique-de-confidentialite\/\"]}]},{\"@type\":\"BreadcrumbList\",\"@id\":\"https:\/\/ecima.com\/fr\/politique-de-confidentialite\/#breadcrumb\",\"itemListElement\":[{\"@type\":\"ListItem\",\"position\":1,\"name\":\"Inici\",\"item\":\"https:\/\/ecima.com\/fr\/debut\/\"},{\"@type\":\"ListItem\",\"position\":2,\"name\":\"Politique de confidentialit\u00e9\"}]},{\"@type\":\"WebSite\",\"@id\":\"https:\/\/ecima.com\/fr\/#website\",\"url\":\"https:\/\/ecima.com\/fr\/\",\"name\":\"Ecima\",\"description\":\"Tu partner en tejidos t\u00e9cnicos\",\"potentialAction\":[{\"@type\":\"SearchAction\",\"target\":{\"@type\":\"EntryPoint\",\"urlTemplate\":\"https:\/\/ecima.com\/fr\/?s={search_term_string}\"},\"query-input\":{\"@type\":\"PropertyValueSpecification\",\"valueRequired\":true,\"valueName\":\"search_term_string\"}}],\"inLanguage\":\"fr-FR\"}]}<\/script>\n<!-- \/ Yoast SEO plugin. -->","yoast_head_json":{"title":"Politique de confidentialit\u00e9 - Ecima","description":"Consultez la politique de confidentialit\u00e9 d'Ecima et d\u00e9couvrez comment nous prot\u00e9geons vos donn\u00e9es personnelles conform\u00e9ment au RGPD et \u00e0 la r\u00e9glementation en vigueur.","robots":{"index":"index","follow":"follow","max-snippet":"max-snippet:-1","max-image-preview":"max-image-preview:large","max-video-preview":"max-video-preview:-1"},"canonical":"https:\/\/ecima.com\/fr\/politique-de-confidentialite\/","og_locale":"fr_FR","og_type":"article","og_title":"Politique de confidentialit\u00e9 - Ecima","og_description":"Consultez la politique de confidentialit\u00e9 d'Ecima et d\u00e9couvrez comment nous prot\u00e9geons vos donn\u00e9es personnelles conform\u00e9ment au RGPD et \u00e0 la r\u00e9glementation en vigueur.","og_url":"https:\/\/ecima.com\/fr\/politique-de-confidentialite\/","og_site_name":"Ecima","article_modified_time":"2026-03-13T07:00:24+00:00","twitter_card":"summary_large_image","twitter_misc":{"Dur\u00e9e de lecture estim\u00e9e":"5 minutes"},"schema":{"@context":"https:\/\/schema.org","@graph":[{"@type":"WebPage","@id":"https:\/\/ecima.com\/fr\/politique-de-confidentialite\/","url":"https:\/\/ecima.com\/fr\/politique-de-confidentialite\/","name":"Politique de confidentialit\u00e9 - Ecima","isPartOf":{"@id":"https:\/\/ecima.com\/fr\/#website"},"datePublished":"2022-02-10T10:34:18+00:00","dateModified":"2026-03-13T07:00:24+00:00","description":"Consultez la politique de confidentialit\u00e9 d'Ecima et d\u00e9couvrez comment nous prot\u00e9geons vos donn\u00e9es personnelles conform\u00e9ment au RGPD et \u00e0 la r\u00e9glementation en vigueur.","breadcrumb":{"@id":"https:\/\/ecima.com\/fr\/politique-de-confidentialite\/#breadcrumb"},"inLanguage":"fr-FR","potentialAction":[{"@type":"ReadAction","target":["https:\/\/ecima.com\/fr\/politique-de-confidentialite\/"]}]},{"@type":"BreadcrumbList","@id":"https:\/\/ecima.com\/fr\/politique-de-confidentialite\/#breadcrumb","itemListElement":[{"@type":"ListItem","position":1,"name":"Inici","item":"https:\/\/ecima.com\/fr\/debut\/"},{"@type":"ListItem","position":2,"name":"Politique de confidentialit\u00e9"}]},{"@type":"WebSite","@id":"https:\/\/ecima.com\/fr\/#website","url":"https:\/\/ecima.com\/fr\/","name":"Ecima","description":"Tu partner en tejidos t\u00e9cnicos","potentialAction":[{"@type":"SearchAction","target":{"@type":"EntryPoint","urlTemplate":"https:\/\/ecima.com\/fr\/?s={search_term_string}"},"query-input":{"@type":"PropertyValueSpecification","valueRequired":true,"valueName":"search_term_string"}}],"inLanguage":"fr-FR"}]}},"_links":{"self":[{"href":"https:\/\/ecima.com\/fr\/wp-json\/wp\/v2\/pages\/1444","targetHints":{"allow":["GET"]}}],"collection":[{"href":"https:\/\/ecima.com\/fr\/wp-json\/wp\/v2\/pages"}],"about":[{"href":"https:\/\/ecima.com\/fr\/wp-json\/wp\/v2\/types\/page"}],"author":[{"embeddable":true,"href":"https:\/\/ecima.com\/fr\/wp-json\/wp\/v2\/users\/2"}],"replies":[{"embeddable":true,"href":"https:\/\/ecima.com\/fr\/wp-json\/wp\/v2\/comments?post=1444"}],"version-history":[{"count":5,"href":"https:\/\/ecima.com\/fr\/wp-json\/wp\/v2\/pages\/1444\/revisions"}],"predecessor-version":[{"id":3711,"href":"https:\/\/ecima.com\/fr\/wp-json\/wp\/v2\/pages\/1444\/revisions\/3711"}],"wp:attachment":[{"href":"https:\/\/ecima.com\/fr\/wp-json\/wp\/v2\/media?parent=1444"}],"curies":[{"name":"wp","href":"https:\/\/api.w.org\/{rel}","templated":true}]}}