{"id":1450,"date":"2022-02-10T11:47:58","date_gmt":"2022-02-10T10:47:58","guid":{"rendered":"https:\/\/ecima.com\/avis-juridique\/"},"modified":"2026-03-12T11:13:28","modified_gmt":"2026-03-12T10:13:28","slug":"avis-juridique","status":"publish","type":"page","link":"https:\/\/ecima.com\/fr\/avis-juridique\/","title":{"rendered":"Avis juridique"},"content":{"rendered":"<p>[et_pb_section fb_built=\u00a0\u00bb1&Prime; admin_label=\u00a0\u00bbHero\u00a0\u00bb _builder_version=\u00a0\u00bb4.16&Prime; use_background_color_gradient=\u00a0\u00bbon\u00a0\u00bb background_color_gradient_direction=\u00a0\u00bb360deg\u00a0\u00bb background_color_gradient_stops=\u00a0\u00bb#ffffff 0%|rgba(40,40,40,0) 35%\u00a0\u00bb background_color_gradient_overlays_image=\u00a0\u00bbon\u00a0\u00bb background_color_gradient_start=\u00a0\u00bb#ffffff\u00a0\u00bb background_color_gradient_end=\u00a0\u00bbrgba(40,40,40,0)\u00a0\u00bb background_color_gradient_end_position=\u00a0\u00bb35%\u00a0\u00bb background_image=\u00a0\u00bbhttps:\/\/ecima.com\/wp-content\/uploads\/2021\/07\/foamizados.jpg\u00a0\u00bb background_position=\u00a0\u00bbbottom_center\u00a0\u00bb custom_margin=\u00a0\u00bb||||false\u00a0\u00bb custom_padding=\u00a0\u00bb8vw||8vw||true|false\u00a0\u00bb global_colors_info=\u00a0\u00bb{}\u00a0\u00bb][\/et_pb_section][et_pb_section fb_built=\u00a0\u00bb1&Prime; admin_label=\u00a0\u00bb Get a Quote\u00a0\u00bb _builder_version=\u00a0\u00bb4.16&Prime; custom_padding=\u00a0\u00bb1px|||||\u00a0\u00bb animation_style=\u00a0\u00bbflip\u00a0\u00bb animation_direction=\u00a0\u00bbtop\u00a0\u00bb box_shadow_style=\u00a0\u00bbpreset3&Prime; box_shadow_vertical=\u00a0\u00bb80px\u00a0\u00bb box_shadow_blur=\u00a0\u00bb76px\u00a0\u00bb box_shadow_spread=\u00a0\u00bb-35px\u00a0\u00bb box_shadow_color=\u00a0\u00bbrgba(0,0,0,0.12)\u00a0\u00bb global_colors_info=\u00a0\u00bb{}\u00a0\u00bb][et_pb_row _builder_version=\u00a0\u00bb4.16&Prime; global_colors_info=\u00a0\u00bb{}\u00a0\u00bb][et_pb_column type=\u00a0\u00bb4_4&Prime; _builder_version=\u00a0\u00bb4.16&Prime; custom_padding=\u00a0\u00bb|||\u00a0\u00bb global_colors_info=\u00a0\u00bb{}\u00a0\u00bb custom_padding__hover=\u00a0\u00bb|||\u00a0\u00bb][et_pb_divider color=\u00a0\u00bb#ffb400&Prime; divider_position=\u00a0\u00bbcenter\u00a0\u00bb divider_weight=\u00a0\u00bb5px\u00a0\u00bb _builder_version=\u00a0\u00bb4.16&Prime; max_width=\u00a0\u00bb50px\u00a0\u00bb module_alignment=\u00a0\u00bbcenter\u00a0\u00bb locked=\u00a0\u00bboff\u00a0\u00bb global_colors_info=\u00a0\u00bb{}\u00a0\u00bb][\/et_pb_divider][et_pb_text _builder_version=\u00a0\u00bb4.16&Prime; text_font=\u00a0\u00bb||||||||\u00a0\u00bb header_font=\u00a0\u00bbRubik|700|||||||\u00a0\u00bb header_text_color=\u00a0\u00bb#2a2a2a\u00a0\u00bb header_font_size=\u00a0\u00bb64px\u00a0\u00bb header_line_height=\u00a0\u00bb1.1em\u00a0\u00bb text_orientation=\u00a0\u00bbcenter\u00a0\u00bb background_layout=\u00a0\u00bbdark\u00a0\u00bb max_width=\u00a0\u00bb800px\u00a0\u00bb module_alignment=\u00a0\u00bbcenter\u00a0\u00bb custom_margin=\u00a0\u00bb||30px|||\u00a0\u00bb custom_padding=\u00a0\u00bb|||16px\u00a0\u00bb text_font_size_tablet=\u00a0\u00bb14px\u00a0\u00bb text_font_size_last_edited=\u00a0\u00bboff|desktop\u00a0\u00bb header_font_size_tablet=\u00a0\u00bb44px\u00a0\u00bb header_font_size_phone=\u00a0\u00bb32px\u00a0\u00bb header_font_size_last_edited=\u00a0\u00bbon|phone\u00a0\u00bb global_colors_info=\u00a0\u00bb{}\u00a0\u00bb]<\/p>\n<h1>Avis juridique<\/h1>\n<p>[\/et_pb_text][et_pb_text _builder_version=\u00a0\u00bb4.27.6&Prime; text_font=\u00a0\u00bb||||||||\u00a0\u00bb text_text_color=\u00a0\u00bb#383838&Prime; text_font_size=\u00a0\u00bb16px\u00a0\u00bb text_line_height=\u00a0\u00bb1.6em\u00a0\u00bb header_font=\u00a0\u00bb||||||||\u00a0\u00bb header_2_font=\u00a0\u00bbRubik||||||||\u00a0\u00bb header_2_text_color=\u00a0\u00bb#000000&Prime; background_layout=\u00a0\u00bbdark\u00a0\u00bb max_width=\u00a0\u00bb800px\u00a0\u00bb module_alignment=\u00a0\u00bbcenter\u00a0\u00bb custom_margin=\u00a0\u00bb|||\u00a0\u00bb custom_padding=\u00a0\u00bb20px||20px||true\u00a0\u00bb text_font_size_tablet=\u00a0\u00bb18px\u00a0\u00bb text_font_size_phone=\u00a0\u00bb\u00a0\u00bb text_font_size_last_edited=\u00a0\u00bbon|phone\u00a0\u00bb global_colors_info=\u00a0\u00bb{}\u00a0\u00bb]<\/p>\n<h2>Principe d&rsquo;information<\/h2>\n<p>Conform\u00e9ment aux dispositions de l&rsquo;article 5 de la loi organique 15\/1999 du 13 d\u00e9cembre sur la protection des donn\u00e9es personnelles (ci-apr\u00e8s LOPD), nous vous informons express\u00e9ment, pr\u00e9cis\u00e9ment et sans \u00e9quivoque que les donn\u00e9es que vous avez fournies via les formulaires pr\u00e9vus pour cette fin sur notre site Web ou dans tout autre canal de collecte, ainsi que celles g\u00e9n\u00e9r\u00e9es au cours de votre relation avec notre entit\u00e9, seront trait\u00e9es dans les fichiers sous la responsabilit\u00e9 de E.CIMA SAU , A08487084, d\u00fbment notifi\u00e9s au Registre G\u00e9n\u00e9ral de l&rsquo;Espagne Agence de protection des donn\u00e9es, dans le but de maintenir et de remplir la relation du destinataire du service avec notre entit\u00e9 et de fournir les services qui en d\u00e9coulent. De m\u00eame, conform\u00e9ment aux dispositions de la LOPD susmentionn\u00e9e et de la loi 34\/2002 du 11 juillet sur les services de la soci\u00e9t\u00e9 de l&rsquo;information et du commerce \u00e9lectronique (ci-apr\u00e8s, LSSI-CE), nous vous informons que vos donn\u00e9es peuvent \u00eatre utilis\u00e9es aux fins de vous envoyer des communications commerciales et de courtoisie relatives \u00e0 notre entit\u00e9 par t\u00e9l\u00e9phone, courrier postal ordinaire, fax, e-mail ou moyen de communication \u00e9lectronique \u00e9quivalent. De la m\u00eame mani\u00e8re, nous vous informons que vos donn\u00e9es seront transf\u00e9r\u00e9es dans tous les cas o\u00f9 cela est n\u00e9cessaire pour le d\u00e9veloppement, l&rsquo;ex\u00e9cution et le contr\u00f4le de la relation du destinataire du service avec notre entit\u00e9 ou dans les cas o\u00f9 il est autoris\u00e9 par un r\u00e8glement ayant force de loi et, notamment, lorsque l&rsquo;un des cas suivants se pr\u00e9sente : a) Le traitement ou la cession a pour but de satisfaire un int\u00e9r\u00eat l\u00e9gitime du responsable du traitement ou du cessionnaire vis\u00e9 par ledit r\u00e8glement ; b) Le traitement ou le transfert des donn\u00e9es est n\u00e9cessaire pour que le responsable du traitement remplisse une obligation impos\u00e9e par ledit r\u00e8glement.    <\/p>\n<h2>Principe du consentement<\/h2>\n<p>Le consentement au traitement de vos donn\u00e9es aux fins d\u00e9crites dans la section pr\u00e9c\u00e9dente sera compris comme \u00e9tant accord\u00e9 en cochant la case correspondante pr\u00e9vue \u00e0 cet effet sur notre site Web.<\/p>\n<h2>Caract\u00e8re obligatoire des donn\u00e9es demand\u00e9es<\/h2>\n<p>Le remplissage de chacun des champs qui apparaissent dans les formulaires pr\u00e9vus \u00e0 cet effet sur notre site Internet est obligatoire (sinon, les champs obligatoires seront marqu\u00e9s d&rsquo;un ast\u00e9risque). Le refus de fournir vos donn\u00e9es entra\u00eenerait l&rsquo;impossibilit\u00e9 de maintenir et de remplir la relation du destinataire du service avec notre entit\u00e9, car elles sont n\u00e9cessaires \u00e0 la fourniture des services qui en d\u00e9coulent. <\/p>\n<h2>Principe de qualit\u00e9 des donn\u00e9es<\/h2>\n<p>Le destinataire du service sera seul responsable de la v\u00e9racit\u00e9 et de l&rsquo;exactitude des donn\u00e9es fournies, E.CIMA SAU, A08487084 agissant de bonne foi en tant que simple prestataire de services. Dans le cas o\u00f9 le destinataire du service fournirait de fausses donn\u00e9es ou des donn\u00e9es de tiers sans son consentement, il r\u00e9pondra personnellement \u00e0 E.CIMA SAU, A08487084, aux personnes concern\u00e9es ou int\u00e9ress\u00e9es, \u00e0 l&rsquo;Agence espagnole de protection des donn\u00e9es et, le cas \u00e9ch\u00e9ant, aux autorit\u00e9s. de la protection des donn\u00e9es, des responsabilit\u00e9s d\u00e9coulant de ladite circonstance. E.CIMA SAU, A08487084 ne collecte pas de donn\u00e9es de personnes de moins de quatorze ans via son site Web. Dans le cas o\u00f9 une personne de moins de quatorze ans fournirait ses donn\u00e9es par le biais des formulaires pr\u00e9vus \u00e0 cet effet sur notre site Web ou dans tout autre canal de collecte, elles seront imm\u00e9diatement d\u00e9truites en m\u00eame temps qu&rsquo;elles sont stock\u00e9es. circonstance. Afin de se conformer aux dispositions de l&rsquo;article 4.3 de la LOPD, le destinataire du service s&rsquo;engage \u00e0 notifier \u00e0 E.CIMA SAU, A08487084 les changements intervenus dans ses donn\u00e9es, afin qu&rsquo;il r\u00e9ponde fid\u00e8lement \u00e0 sa situation actuelle \u00e0 tout moment .    <\/p>\n<h2>Outils de suivi de navigation<\/h2>\n<p>Notre site Web peut utiliser des outils permettant de suivre la navigation sur celui-ci et l&rsquo;adresse IP du destinataire du service, afin d&rsquo;am\u00e9liorer et de garantir la fourniture des services et son fonctionnement technique.<\/p>\n<h2>Principe de s\u00e9curit\u00e9 des donn\u00e9es<\/h2>\n<p>E.CIMA SAU, A08487084 s&rsquo;engage \u00e0 respecter son obligation de confidentialit\u00e9 concernant les donn\u00e9es personnelles et son devoir de les conserver et adoptera toutes les mesures techniques et organisationnelles n\u00e9cessaires pour garantir la s\u00e9curit\u00e9 des donn\u00e9es personnelles et \u00e9viter leur alt\u00e9ration, perte, traitement ou acc\u00e8s non autoris\u00e9 , en tenant compte de l&rsquo;\u00e9tat de la technologie, de la nature des donn\u00e9es stock\u00e9es et des risques auxquels elles sont expos\u00e9es, qu&rsquo;ils proviennent de l&rsquo;action humaine ou de l&rsquo;environnement physique ou naturel, d\u00e9velopp\u00e9 dans le titre VIII du d\u00e9cret royal 1720\/2007 , du 21 d\u00e9cembre, qui approuve le r\u00e8glement pour le d\u00e9veloppement de la loi organique 15\/1999, du 13 d\u00e9cembre, sur la protection des donn\u00e9es personnelles.<\/p>\n<h2>Exercice des droits<\/h2>\n<p>Conform\u00e9ment aux dispositions de la LOPD et du d\u00e9cret royal 1720\/2007 du 21 d\u00e9cembre, qui approuve le r\u00e8glement pour son d\u00e9veloppement, le destinataire du service peut exercer, \u00e0 tout moment, ses droits d&rsquo;acc\u00e8s, de rectification, d&rsquo;annulation et d&rsquo;opposition \u00e0 la personne responsable du dossier ou du traitement, en joignant une photocopie de votre pi\u00e8ce d&rsquo;identit\u00e9.<\/p>\n<h2>Responsable du traitement des donn\u00e9es<\/h2>\n<p>Le responsable du dossier ou du traitement est E.CIMA SAU, A08487084, domicili\u00e9 \u00e0 des fins de notification \u00e0 Cam\u00ed del Mol\u00ed d&rsquo;en Torrella s\/n \u2013 08202 Sabadell -Barcelone- Espagne.<\/p>\n<p>[\/et_pb_text][\/et_pb_column][\/et_pb_row][\/et_pb_section][et_pb_section fb_built=\u00a0\u00bb1&Prime; fullwidth=\u00a0\u00bbon\u00a0\u00bb _builder_version=\u00a0\u00bb4.27.6&Prime; _module_preset=\u00a0\u00bbdefault\u00a0\u00bb background_color=\u00a0\u00bb#002c51&Prime; custom_margin=\u00a0\u00bb36px|||||\u00a0\u00bb custom_padding=\u00a0\u00bb||36px|||\u00a0\u00bb top_divider_style=\u00a0\u00bbwave2&Prime; top_divider_color=\u00a0\u00bb#FFFFFF\u00a0\u00bb global_colors_info=\u00a0\u00bb{}\u00a0\u00bb global_module=\u00a0\u00bb3253&Prime; theme_builder_area=\u00a0\u00bbpost_content\u00a0\u00bb][\/et_pb_section]<\/p>\n","protected":false},"excerpt":{"rendered":"<p>Informations juridiques concernant les conditions d&rsquo;utilisation du site web E.Cima, les droits de propri\u00e9t\u00e9 intellectuelle et les responsabilit\u00e9s des utilisateurs.<\/p>\n","protected":false},"author":2,"featured_media":0,"parent":0,"menu_order":0,"comment_status":"closed","ping_status":"closed","template":"","meta":{"_et_pb_use_builder":"on","_et_pb_old_content":"","_et_gb_content_width":"","footnotes":""},"class_list":["post-1450","page","type-page","status-publish","hentry"],"yoast_head":"<!-- This site is optimized with the Yoast SEO plugin v27.1.1 - https:\/\/yoast.com\/product\/yoast-seo-wordpress\/ -->\n<title>Avis juridique - Ecima<\/title>\n<meta name=\"description\" content=\"Consultez les mentions l\u00e9gales d&#039;Ecima et prenez connaissance des conditions d&#039;utilisation, de la responsabilit\u00e9 et des droits de propri\u00e9t\u00e9 intellectuelle du site web.\" \/>\n<meta name=\"robots\" content=\"index, follow, max-snippet:-1, max-image-preview:large, max-video-preview:-1\" \/>\n<link rel=\"canonical\" href=\"https:\/\/ecima.com\/fr\/avis-juridique\/\" \/>\n<meta property=\"og:locale\" content=\"fr_FR\" \/>\n<meta property=\"og:type\" content=\"article\" \/>\n<meta property=\"og:title\" content=\"Avis juridique - Ecima\" \/>\n<meta property=\"og:description\" content=\"Consultez les mentions l\u00e9gales d&#039;Ecima et prenez connaissance des conditions d&#039;utilisation, de la responsabilit\u00e9 et des droits de propri\u00e9t\u00e9 intellectuelle du site web.\" \/>\n<meta property=\"og:url\" content=\"https:\/\/ecima.com\/fr\/avis-juridique\/\" \/>\n<meta property=\"og:site_name\" content=\"Ecima\" \/>\n<meta property=\"article:modified_time\" content=\"2026-03-12T10:13:28+00:00\" \/>\n<meta name=\"twitter:card\" content=\"summary_large_image\" \/>\n<meta name=\"twitter:label1\" content=\"Dur\u00e9e de lecture estim\u00e9e\" \/>\n\t<meta name=\"twitter:data1\" content=\"6 minutes\" \/>\n<script type=\"application\/ld+json\" class=\"yoast-schema-graph\">{\"@context\":\"https:\/\/schema.org\",\"@graph\":[{\"@type\":\"WebPage\",\"@id\":\"https:\/\/ecima.com\/fr\/avis-juridique\/\",\"url\":\"https:\/\/ecima.com\/fr\/avis-juridique\/\",\"name\":\"Avis juridique - Ecima\",\"isPartOf\":{\"@id\":\"https:\/\/ecima.com\/fr\/#website\"},\"datePublished\":\"2022-02-10T10:47:58+00:00\",\"dateModified\":\"2026-03-12T10:13:28+00:00\",\"description\":\"Consultez les mentions l\u00e9gales d'Ecima et prenez connaissance des conditions d'utilisation, de la responsabilit\u00e9 et des droits de propri\u00e9t\u00e9 intellectuelle du site web.\",\"breadcrumb\":{\"@id\":\"https:\/\/ecima.com\/fr\/avis-juridique\/#breadcrumb\"},\"inLanguage\":\"fr-FR\",\"potentialAction\":[{\"@type\":\"ReadAction\",\"target\":[\"https:\/\/ecima.com\/fr\/avis-juridique\/\"]}]},{\"@type\":\"BreadcrumbList\",\"@id\":\"https:\/\/ecima.com\/fr\/avis-juridique\/#breadcrumb\",\"itemListElement\":[{\"@type\":\"ListItem\",\"position\":1,\"name\":\"Inici\",\"item\":\"https:\/\/ecima.com\/fr\/debut\/\"},{\"@type\":\"ListItem\",\"position\":2,\"name\":\"Avis juridique\"}]},{\"@type\":\"WebSite\",\"@id\":\"https:\/\/ecima.com\/fr\/#website\",\"url\":\"https:\/\/ecima.com\/fr\/\",\"name\":\"Ecima\",\"description\":\"Tu partner en tejidos t\u00e9cnicos\",\"potentialAction\":[{\"@type\":\"SearchAction\",\"target\":{\"@type\":\"EntryPoint\",\"urlTemplate\":\"https:\/\/ecima.com\/fr\/?s={search_term_string}\"},\"query-input\":{\"@type\":\"PropertyValueSpecification\",\"valueRequired\":true,\"valueName\":\"search_term_string\"}}],\"inLanguage\":\"fr-FR\"}]}<\/script>\n<!-- \/ Yoast SEO plugin. -->","yoast_head_json":{"title":"Avis juridique - Ecima","description":"Consultez les mentions l\u00e9gales d'Ecima et prenez connaissance des conditions d'utilisation, de la responsabilit\u00e9 et des droits de propri\u00e9t\u00e9 intellectuelle du site web.","robots":{"index":"index","follow":"follow","max-snippet":"max-snippet:-1","max-image-preview":"max-image-preview:large","max-video-preview":"max-video-preview:-1"},"canonical":"https:\/\/ecima.com\/fr\/avis-juridique\/","og_locale":"fr_FR","og_type":"article","og_title":"Avis juridique - Ecima","og_description":"Consultez les mentions l\u00e9gales d'Ecima et prenez connaissance des conditions d'utilisation, de la responsabilit\u00e9 et des droits de propri\u00e9t\u00e9 intellectuelle du site web.","og_url":"https:\/\/ecima.com\/fr\/avis-juridique\/","og_site_name":"Ecima","article_modified_time":"2026-03-12T10:13:28+00:00","twitter_card":"summary_large_image","twitter_misc":{"Dur\u00e9e de lecture estim\u00e9e":"6 minutes"},"schema":{"@context":"https:\/\/schema.org","@graph":[{"@type":"WebPage","@id":"https:\/\/ecima.com\/fr\/avis-juridique\/","url":"https:\/\/ecima.com\/fr\/avis-juridique\/","name":"Avis juridique - Ecima","isPartOf":{"@id":"https:\/\/ecima.com\/fr\/#website"},"datePublished":"2022-02-10T10:47:58+00:00","dateModified":"2026-03-12T10:13:28+00:00","description":"Consultez les mentions l\u00e9gales d'Ecima et prenez connaissance des conditions d'utilisation, de la responsabilit\u00e9 et des droits de propri\u00e9t\u00e9 intellectuelle du site web.","breadcrumb":{"@id":"https:\/\/ecima.com\/fr\/avis-juridique\/#breadcrumb"},"inLanguage":"fr-FR","potentialAction":[{"@type":"ReadAction","target":["https:\/\/ecima.com\/fr\/avis-juridique\/"]}]},{"@type":"BreadcrumbList","@id":"https:\/\/ecima.com\/fr\/avis-juridique\/#breadcrumb","itemListElement":[{"@type":"ListItem","position":1,"name":"Inici","item":"https:\/\/ecima.com\/fr\/debut\/"},{"@type":"ListItem","position":2,"name":"Avis juridique"}]},{"@type":"WebSite","@id":"https:\/\/ecima.com\/fr\/#website","url":"https:\/\/ecima.com\/fr\/","name":"Ecima","description":"Tu partner en tejidos t\u00e9cnicos","potentialAction":[{"@type":"SearchAction","target":{"@type":"EntryPoint","urlTemplate":"https:\/\/ecima.com\/fr\/?s={search_term_string}"},"query-input":{"@type":"PropertyValueSpecification","valueRequired":true,"valueName":"search_term_string"}}],"inLanguage":"fr-FR"}]}},"_links":{"self":[{"href":"https:\/\/ecima.com\/fr\/wp-json\/wp\/v2\/pages\/1450","targetHints":{"allow":["GET"]}}],"collection":[{"href":"https:\/\/ecima.com\/fr\/wp-json\/wp\/v2\/pages"}],"about":[{"href":"https:\/\/ecima.com\/fr\/wp-json\/wp\/v2\/types\/page"}],"author":[{"embeddable":true,"href":"https:\/\/ecima.com\/fr\/wp-json\/wp\/v2\/users\/2"}],"replies":[{"embeddable":true,"href":"https:\/\/ecima.com\/fr\/wp-json\/wp\/v2\/comments?post=1450"}],"version-history":[{"count":8,"href":"https:\/\/ecima.com\/fr\/wp-json\/wp\/v2\/pages\/1450\/revisions"}],"predecessor-version":[{"id":3568,"href":"https:\/\/ecima.com\/fr\/wp-json\/wp\/v2\/pages\/1450\/revisions\/3568"}],"wp:attachment":[{"href":"https:\/\/ecima.com\/fr\/wp-json\/wp\/v2\/media?parent=1450"}],"curies":[{"name":"wp","href":"https:\/\/api.w.org\/{rel}","templated":true}]}}